{"id":2213,"date":"2017-07-09T14:45:37","date_gmt":"2017-07-09T12:45:37","guid":{"rendered":"https:\/\/www.archaeoman.de\/publikationen\/"},"modified":"2023-09-27T13:54:25","modified_gmt":"2023-09-27T11:54:25","slug":"publikationen","status":"publish","type":"page","link":"https:\/\/www.archaeoman.de\/ar\/nachnutzung-von-graebern\/publikationen\/","title":{"rendered":"\u0627\u0644\u0625\u0635\u062f\u0627\u0631\u0627\u062a"},"content":{"rendered":"<div id=\"pl-2213\"  class=\"panel-layout panel-is-rtl\" ><div id=\"pg-2213-0\"  class=\"panel-grid panel-no-style\" ><div id=\"pgc-2213-0-0\"  class=\"panel-grid-cell\" ><div id=\"panel-2213-0-0-0\" class=\"so-panel widget widget_sow-editor panel-first-child panel-last-child\" data-index=\"0\" ><div\n\t\t\t\n\t\t\tclass=\"so-widget-sow-editor so-widget-sow-editor-base\"\n\t\t\t\n\t\t>\n<div class=\"siteorigin-widget-tinymce textwidget\">\n\t<p style=\"text-align: right;\"><strong>\u0627\u0644\u0645\u0646\u0634\u0648\u0631\u0627\u062a<\/strong><\/p>\n<ul>\n<li>D\u00f6pper, S. (2023), <a href=\"https:\/\/www.archaeopress.com\/Archaeopress\/Products\/9781803274973\" target=\"_blank\" rel=\"noopener\"><em>The Reuse of Tombs in Eastern Arabia<\/em><\/a>. <em>Arabia Orientalis<\/em> 6. Oxford: Archaeopress.<\/li>\n<li>D\u00f6pper, S. (2016), Expressions of collective memory \u2013 The reuse of EBA tombs in the necropolis of Bat, Sultanate of Oman, in: R. A. Stuchy \u2013 O. Kaelin, H.-P. Mathys (eds.), <em>Proceedings of the 9th International Congress on the Archaeology of the Ancient Near East (ICAANE), June 9-13, 2014<\/em>, University of Basel, 679\u2013688.<\/li>\n<li>D\u00f6pper, S. (2015), <a href=\"https:\/\/archaeopresspublishing.com\/ojs\/index.php\/PSAS\/article\/view\/1270\" target=\"_blank\" rel=\"noopener\">The reuse of tombs in the necropolis of Bat, Sultanate of Oman<\/a>, <em>Proceedings of the Seminar for Arabian Studies<\/em> 45, 83\u201392.<\/li>\n<li>D\u00f6pper, S. (2014), On the Reuse of Early Bronze Age Tombs \u2013 the German Excavations at Bat and Al-Ayn, Sultanate of Oman, in: P. Bieli\u0144ski, M. Gawlikowski, R. Koli\u0144ski, D. \u0141awecka, A. So\u0142tysiak, Z. Wygna\u0144ska (eds.), <em>Proceedings of the 8th International Congress on the Archaeology of the Ancient Near East. 30 April \u2013 4 May 2012<\/em>, University of Warsaw, 57\u201369.<\/li>\n<\/ul>\n<\/div>\n<\/div><\/div><\/div><div id=\"pgc-2213-0-1\"  class=\"panel-grid-cell\" ><div id=\"panel-2213-0-1-0\" class=\"so-panel widget widget_nav_menu panel-first-child panel-last-child\" data-index=\"1\" ><div class=\"menu-nachnutzung-von-graebern-ar-container\"><ul id=\"menu-nachnutzung-von-graebern-ar\" class=\"menu\"><li id=\"menu-item-3015\" class=\"ar menu-item menu-item-type-post_type menu-item-object-page menu-item-has-children menu-item-3015\"><a href=\"https:\/\/www.archaeoman.de\/ar\/nachnutzung-von-graebern\/\">\u0625\u0639\u0627\u062f\u0629 \u0627\u0633\u062a\u062e\u062f\u0627\u0645 \u0627\u0644\u0645\u062f\u0627\u0641\u0646<\/a>\n<ul class=\"sub-menu\">\n\t<li id=\"menu-item-3027\" class=\"menu-item menu-item-type-post_type menu-item-object-page menu-item-3027\"><a href=\"https:\/\/www.archaeoman.de\/ar\/nachnutzung-von-graebern\/publikationen\/\">\u0627\u0644\u0625\u0635\u062f\u0627\u0631\u0627\u062a<\/a><\/li>\n\t<li id=\"menu-item-3033\" class=\"menu-item menu-item-type-post_type menu-item-object-page menu-item-3033\"><a href=\"https:\/\/www.archaeoman.de\/ar\/nachnutzung-von-graebern\/mitarbeiter\/\">\u0645\u0648\u0638\u0641<\/a><\/li>\n\t<li id=\"menu-item-3039\" class=\"menu-item menu-item-type-post_type menu-item-object-page menu-item-3039\"><a href=\"https:\/\/www.archaeoman.de\/ar\/nachnutzung-von-graebern\/foerderung\/\">\u0627\u0644\u062a\u0645\u0648\u064a\u0644<\/a><\/li>\n<\/ul>\n<\/li>\n<\/ul><\/div><\/div><\/div><\/div><\/div>","protected":false},"excerpt":{"rendered":"<p>\u0627\u0644\u0645\u0646\u0634\u0648\u0631\u0627\u062a D\u00f6pper, S. (2023), The Reuse of Tombs in Eastern Arabia. Arabia Orientalis 6. Oxford: Archaeopress. D\u00f6pper, S. (2016), Expressions of collective memory \u2013 The reuse of EBA tombs in the necropolis of Bat, Sultanate of Oman, in: R. A. Stuchy \u2013 O. Kaelin, H.-P. Mathys (eds.), Proceedings of the 9th International Congress on the &#8230; <a title=\"\u0627\u0644\u0625\u0635\u062f\u0627\u0631\u0627\u062a\" class=\"read-more\" href=\"https:\/\/www.archaeoman.de\/ar\/nachnutzung-von-graebern\/publikationen\/\" aria-label=\"Read more about \u0627\u0644\u0625\u0635\u062f\u0627\u0631\u0627\u062a\">Weiterlesen &#8230;<\/a><\/p>\n","protected":false},"author":1,"featured_media":0,"parent":3010,"menu_order":0,"comment_status":"closed","ping_status":"closed","template":"","meta":{"generate_page_header":"","footnotes":""},"class_list":["post-2213","page","type-page","status-publish"],"_links":{"self":[{"href":"https:\/\/www.archaeoman.de\/ar\/wp-json\/wp\/v2\/pages\/2213","targetHints":{"allow":["GET"]}}],"collection":[{"href":"https:\/\/www.archaeoman.de\/ar\/wp-json\/wp\/v2\/pages"}],"about":[{"href":"https:\/\/www.archaeoman.de\/ar\/wp-json\/wp\/v2\/types\/page"}],"author":[{"embeddable":true,"href":"https:\/\/www.archaeoman.de\/ar\/wp-json\/wp\/v2\/users\/1"}],"replies":[{"embeddable":true,"href":"https:\/\/www.archaeoman.de\/ar\/wp-json\/wp\/v2\/comments?post=2213"}],"version-history":[{"count":2,"href":"https:\/\/www.archaeoman.de\/ar\/wp-json\/wp\/v2\/pages\/2213\/revisions"}],"predecessor-version":[{"id":9638,"href":"https:\/\/www.archaeoman.de\/ar\/wp-json\/wp\/v2\/pages\/2213\/revisions\/9638"}],"up":[{"embeddable":true,"href":"https:\/\/www.archaeoman.de\/ar\/wp-json\/wp\/v2\/pages\/3010"}],"wp:attachment":[{"href":"https:\/\/www.archaeoman.de\/ar\/wp-json\/wp\/v2\/media?parent=2213"}],"curies":[{"name":"wp","href":"https:\/\/api.w.org\/{rel}","templated":true}]}}