{"id":2218,"date":"2017-07-04T11:42:13","date_gmt":"2017-07-04T09:42:13","guid":{"rendered":"https:\/\/www.archaeoman.de\/der-fundort-bat\/publikationen-2\/"},"modified":"2025-10-02T15:16:45","modified_gmt":"2025-10-02T13:16:45","slug":"publikationen","status":"publish","type":"page","link":"https:\/\/www.archaeoman.de\/ar\/der-fundort-bat\/publikationen\/","title":{"rendered":"\u0627\u0644\u0625\u0635\u062f\u0627\u0631\u0627\u062a"},"content":{"rendered":"<div id=\"pl-2218\"  class=\"panel-layout panel-is-rtl\" ><div id=\"pg-2218-0\"  class=\"panel-grid panel-no-style\" ><div id=\"pgc-2218-0-0\"  class=\"panel-grid-cell\" ><div id=\"panel-2218-0-0-0\" class=\"so-panel widget widget_sow-editor panel-first-child panel-last-child\" data-index=\"0\" ><div\n\t\t\t\n\t\t\tclass=\"so-widget-sow-editor so-widget-sow-editor-base\"\n\t\t\t\n\t\t>\n<div class=\"siteorigin-widget-tinymce textwidget\">\n\t<p style=\"text-align: right;\"><strong>\u0627\u0644\u0645\u0646\u0634\u0648\u0631\u0627\u062a<\/strong><\/p>\n<ul>\n<li>D\u00f6pper, S. (2024), <a href=\"https:\/\/www.jstor.org\/stable\/jj.29556555?turn_away=true\" target=\"_blank\" rel=\"noopener\">Memories of tombs \u2013 Life histories of three Early Bronze Age tombs from Bat, Sultanate of Oman<\/a>, in: A. Wissing \u2013 S. Lange-Weber \u2013 E. Geith \u2013 B. Glissmann \u2013 T. K\u00f6ster \u2013 P. Sconzo (Hrsg.), <em>Die Kunst des Findens. Festschrift zum 65. Geburtstag von Peter Pf\u00e4lzner. marru<\/em> 17, M\u00fcnster: Zaphon, 361\u2013372.<\/li>\n<li>D\u00f6pper, S. (2021), <em><a href=\"https:\/\/www.archaeopress.com\/Archaeopress\/Products\/9781789699494\" target=\"_blank\" rel=\"noopener\">Die Gr\u00e4ber von Bat und Al-Ayn und das Geb\u00e4ude II in Bat<\/a>, Arabia Orientalis<\/em> 2, Oxford, Archaeopress.<\/li>\n<li>Schmidt, C. (2020), <em><a href=\"https:\/\/www.archaeopress.com\/Archaeopress\/Products\/9781789697391\" target=\"_blank\" rel=\"noopener\">Die Bestattungsgruben in Bat<\/a>. Mit Beitr\u00e4gen von Stefan Giese und Christian H\u00fcbner sowie Steve Z\u00e4uner<\/em><em>, Arabia Orientalis <\/em>1, Oxford, Archaeopress; dazu der Fundekatalog <a href=\"https:\/\/tinyurl.com\/9781789697391-der-fundekatalog\" target=\"_blank\" rel=\"noopener\"><em>Die Bestattungsgruben in Bat<\/em><\/a>.<\/li>\n<li>D\u00f6pper, S. \u2013 Schmidt, C. (2020), The Foreign Relations of Bat and Al-Khashbah, Sultanate of Oman, and the Role of the Oman Peninsula in the Bronze Age Gulf Trade, in: M. Jansen \u2013 M. Liehner-Jansen (eds.), <em>Ports and Trans-Ports: Evolution and Revolution(s) in the Indian Ocean World, Proceedings of the Workshop, GUTech, March 4\u20136, 2019<\/em>, Aachen: 123\u2013150.<\/li>\n<li>Deckers, K. \u2013 D\u00f6pper, S. \u2013 Schmidt, C. (2019), <a href=\"https:\/\/doi.org\/10.1111\/aae.12123\" target=\"_blank\" rel=\"noopener\">Vegetation, Land, and Wood Use at the Sites of Bat and Al-Khashbah in Oman (Fourth\u2013Third Millennium BC)<\/a>, <em>Arabian Archaeology and Epigraphy<\/em> 30, 1\u201314.<\/li>\n<li>D\u00f6pper, S. (2018) <a href=\"https:\/\/www.jstor.org\/stable\/26595360\" target=\"_blank\" rel=\"noopener\">Towers and Ditches in 3<sup>rd<\/sup> Millennium BC Eastern Arabia \u2013 A View from Building II at Bat, Sultanate of Oman<\/a>. <em>Pal\u00e9orient<\/em> 44\/1, 121\u2013133.<\/li>\n<li>Scheiblecker, M.\u00a0\u2013 Schweitzer, C.\u00a0\u2013 Fassbinder, J.\u00a0\u2013 B\u00f6hme, M. (2018), Landscape archaeology and oldest monumental buildings in Oman - Magnetometry near the geomagnetic Equator, <em>Virtual Archaeology, Proceedings of the International Forum held at the State Hermitage Museum, 28\u201330 May 2018, Saint Petersburg<\/em>, 204\u2013215.<\/li>\n<li>D\u00f6pper, S. \u2013 Schmidt, C. (2018), The Umm an-Nar Burial Pits of the Necropolis of Bat, in: S. Cleuziou \u2013 M. Tosi (eds.), <em>In the Shadow of the Ancestors. The Prehistoric Foundations of the Early Arabian Civilization in Oman<\/em>, Maskat: Ministry of Heritage and Culture, second expanded edition, 377\u2013380.<\/li>\n<li>Schmidt, C. \u2013 D\u00f6pper, S. (2016), <a href=\"https:\/\/archaeopresspublishing.com\/ojs\/index.php\/PSAS\/article\/view\/1257\" target=\"_blank\" rel=\"noopener\">Umm an-Nar pottery assemblages from B\u0101t and al-Z\u012bb\u0101 and their functional contexts<\/a>, <em>Proceedings of the Seminar for Arabian Studies<\/em> 46, 247\u2013262.<\/li>\n<li>D\u00f6pper, S. (2016), Expressions of Collective Memory \u2013 The Reuse of EBA Tombs in the Necropolis of Bat, Sultanate of Oman, in: R. A. Stuchy \u2013 O. Kaelin, H.-P. Mathys (eds.), <em>Proceedings of the 9th International Congress on the Archaeology of the Ancient Near East (ICAANE), June 9-13, 2014, University of Basel<\/em>, Wiesbaden: Harrassowitz, 679\u2013688.<\/li>\n<li>D\u00f6pper, S. (2015), <a href=\"https:\/\/archaeopresspublishing.com\/ojs\/index.php\/PSAS\/article\/view\/1270\" target=\"_blank\" rel=\"noopener\">The Reuse of Tombs in the Necropolis of Bat, Sultanate of Oman<\/a>, <em>Proceedings of the Seminar for Arabian Studies<\/em> 45, 83\u201392.<\/li>\n<li>D\u00f6pper, S. \u2013 Schmidt, C. (2015), <a href=\"https:\/\/www.thebfsa.org\/files\/BFSA_Bulletin_2015_(20)%20(1).pdf\" target=\"_blank\" rel=\"noopener\">Necropoleis of B\u0101t and Al-Ayn<\/a>, <em>Bulletin of the British Foundation for the Study of Arabia<\/em> 20, 20\u201321.<\/li>\n<li>Loges, Luise (2015), <a href=\"http:\/\/www.spektrum.de\/artikel\/1333993\" target=\"_blank\" rel=\"noopener\">Kupfer f\u00fcr die Alte Welt<\/a>, Spektrum der Wissenschaft April 2015, 66\u201370.<\/li>\n<li>Schmidt, C. \u2013 D\u00f6pper, S. (2014), German Expedition to Bat and Al-Ayn, Sultanate of Oman: The 2010 to 2013 seasons, <em>The Journal of Oman Studies<\/em> 18, 187\u2013230.<\/li>\n<li>D\u00f6pper, S. (2014), On the Reuse of Early Bronze Age Tombs \u2013 the German Excavations at Bat and Al-Ayn, Sultanate of Oman, in: P. Bieli\u0144ski, M. Gawlikowski, R. Koli\u0144ski, D. \u0141awecka, A. So\u0142tysiak, Z. Wygna\u0144ska (eds), <em>Proceedings of the 8th International Congress on the Archaeology of the Ancient Near East. 30 April \u2013 4 May 2012<\/em>, University of Warsaw, 57\u201369.<\/li>\n<li>D\u00f6pper, S. \u2013 Schmidt, C. (2014), Chlorite Vessels from Tomb 155 and Tomb 156 in Bat, Sultanate Oman, in: B. Cerasetti \u2013 B. Genito \u2013 C. C. Lamberg-Karlovsky (eds.), <em>My life is like the summer rose. Maurizio Tosi e l'archeologia come modo di vivere. Papers in honour of Maurizio Tosi for his 70<sup>th<\/sup> birthday<\/em>, <em>BAR International Series<\/em> 2690, 187\u2013192.<\/li>\n<li>D\u00f6pper, S. \u2013 Schmidt, C. (2014), <a href=\"https:\/\/www.orient-gesellschaft.de\/repositorium\/MDOG\/MDOG_146.pdf\" target=\"_blank\" rel=\"noopener\">Bericht \u00fcber die Ausgrabungen 2013 und 2014 in Bat und Al-Ayn, Sultanat Oman<\/a>, <em>Mitteilungen der Deutschen Orient-Gesellschaft<\/em> 146, 55\u201385.<\/li>\n<li>D\u00f6pper, S. \u2013 Schmidt, C. (2013), <a href=\"https:\/\/www.orient-gesellschaft.de\/repositorium\/MDOG\/MDOG_145.pdf\" target=\"_blank\" rel=\"noopener\">Bericht \u00fcber die Ausgrabungen 2011 und 2012 in Bat und Al-Ayn, Sultanat Oman<\/a>, <em>Mitteilungen der Deutschen Orient-Gesellschaft<\/em> 145, 23\u201352.<\/li>\n<li>D\u00f6pper, S. \u2013 Schmidt, C. (2011), <a href=\"https:\/\/www.orient-gesellschaft.de\/repositorium\/MDOG\/MDOG_143.pdf\" target=\"_blank\" rel=\"noopener\">Die Grabt\u00fcrme der Nekropolen von Bat und Al-Ayn im Sultanat Oman. Bericht \u00fcber die Vorkampagne 2010<\/a>, <em>Mitteilungen der Deutschen Orient-Gesellschaft<\/em> 143, 293\u2013321.<\/li>\n<\/ul>\n<hr \/>\n<p style=\"text-align: right;\"><strong>\u0645\u062e\u0632\u0646<\/strong><\/p>\n<ul>\n<li>Schmidt, C. \u2013 D\u00f6pper, S. (2020),\u00a0<a href=\"https:\/\/fdat.escience.uni-tuebingen.de\/portal\/#\/project_description\/10900.1%252F7c79db75-bac1-4e96-aaa2-3b74761c26e0\" target=\"_blank\" rel=\"noopener\"><em>Bat, Al-Zebah and Al-Ayn Archaeological Project, University of Tuebingen<\/em><\/a>, Eberhard Karls Universit\u00e4t T\u00fcbingen.<\/li>\n<\/ul>\n<\/div>\n<\/div><\/div><\/div><div id=\"pgc-2218-0-1\"  class=\"panel-grid-cell\" ><div id=\"panel-2218-0-1-0\" class=\"so-panel widget widget_nav_menu panel-first-child panel-last-child\" data-index=\"1\" ><div class=\"menu-der-fundort-bat-ar-container\"><ul id=\"menu-der-fundort-bat-ar\" class=\"menu\"><li id=\"menu-item-2212\" class=\"ar menu-item menu-item-type-post_type menu-item-object-page menu-item-has-children menu-item-2212\"><a href=\"https:\/\/www.archaeoman.de\/ar\/der-fundort-bat\/\">\u0645\u064e\u0648\u0642\u0650\u0639\u0652 \u0622\u062b\u0627\u0631 \u0628\u0627\u062a<\/a>\n<ul class=\"sub-menu\">\n\t<li id=\"menu-item-2222\" class=\"menu-item menu-item-type-post_type menu-item-object-page menu-item-2222\"><a href=\"https:\/\/www.archaeoman.de\/ar\/der-fundort-bat\/publikationen\/\">\u0627\u0644\u0625\u0635\u062f\u0627\u0631\u0627\u062a<\/a><\/li>\n\t<li id=\"menu-item-2229\" class=\"menu-item menu-item-type-post_type menu-item-object-page menu-item-2229\"><a href=\"https:\/\/www.archaeoman.de\/ar\/der-fundort-bat\/qualifikationsarbeiten\/\">\u0627\u0644\u0645\u0624\u0647\u0644\u0627\u062a \u0627\u0644\u0639\u0644\u0645\u064a\u0629<\/a><\/li>\n\t<li id=\"menu-item-2234\" class=\"menu-item menu-item-type-post_type menu-item-object-page menu-item-2234\"><a href=\"https:\/\/www.archaeoman.de\/ar\/der-fundort-bat\/mitarbeiter-und-kooperationspartner\/\">\u0645\u0648\u0638\u0641 \u0648\u0645\u0646\u0633\u0642 \u0627\u0644\u062a\u0639\u0627\u0648\u0646<\/a><\/li>\n\t<li id=\"menu-item-2238\" class=\"menu-item menu-item-type-post_type menu-item-object-page menu-item-2238\"><a href=\"https:\/\/www.archaeoman.de\/ar\/der-fundort-bat\/foerderung\/\">\u0627\u0644\u062a\u0645\u0648\u064a\u0644<\/a><\/li>\n<\/ul>\n<\/li>\n<\/ul><\/div><\/div><\/div><\/div><\/div>","protected":false},"excerpt":{"rendered":"<p>\u0627\u0644\u0645\u0646\u0634\u0648\u0631\u0627\u062a D\u00f6pper, S. (2024), Memories of tombs \u2013 Life histories of three Early Bronze Age tombs from Bat, Sultanate of Oman, in: A. Wissing \u2013 S. Lange-Weber \u2013 E. Geith \u2013 B. Glissmann \u2013 T. K\u00f6ster \u2013 P. Sconzo (Hrsg.), Die Kunst des Findens. Festschrift zum 65. Geburtstag von Peter Pf\u00e4lzner. marru 17, M\u00fcnster: Zaphon, &#8230; <a title=\"\u0627\u0644\u0625\u0635\u062f\u0627\u0631\u0627\u062a\" class=\"read-more\" href=\"https:\/\/www.archaeoman.de\/ar\/der-fundort-bat\/publikationen\/\" aria-label=\"Read more about \u0627\u0644\u0625\u0635\u062f\u0627\u0631\u0627\u062a\">Weiterlesen &#8230;<\/a><\/p>\n","protected":false},"author":1,"featured_media":0,"parent":2208,"menu_order":0,"comment_status":"closed","ping_status":"closed","template":"","meta":{"generate_page_header":"","footnotes":""},"class_list":["post-2218","page","type-page","status-publish"],"_links":{"self":[{"href":"https:\/\/www.archaeoman.de\/ar\/wp-json\/wp\/v2\/pages\/2218","targetHints":{"allow":["GET"]}}],"collection":[{"href":"https:\/\/www.archaeoman.de\/ar\/wp-json\/wp\/v2\/pages"}],"about":[{"href":"https:\/\/www.archaeoman.de\/ar\/wp-json\/wp\/v2\/types\/page"}],"author":[{"embeddable":true,"href":"https:\/\/www.archaeoman.de\/ar\/wp-json\/wp\/v2\/users\/1"}],"replies":[{"embeddable":true,"href":"https:\/\/www.archaeoman.de\/ar\/wp-json\/wp\/v2\/comments?post=2218"}],"version-history":[{"count":8,"href":"https:\/\/www.archaeoman.de\/ar\/wp-json\/wp\/v2\/pages\/2218\/revisions"}],"predecessor-version":[{"id":9988,"href":"https:\/\/www.archaeoman.de\/ar\/wp-json\/wp\/v2\/pages\/2218\/revisions\/9988"}],"up":[{"embeddable":true,"href":"https:\/\/www.archaeoman.de\/ar\/wp-json\/wp\/v2\/pages\/2208"}],"wp:attachment":[{"href":"https:\/\/www.archaeoman.de\/ar\/wp-json\/wp\/v2\/media?parent=2218"}],"curies":[{"name":"wp","href":"https:\/\/api.w.org\/{rel}","templated":true}]}}