{"id":2250,"date":"2017-07-04T12:20:11","date_gmt":"2017-07-04T10:20:11","guid":{"rendered":"https:\/\/www.archaeoman.de\/der-fundort-al-ayn\/publikationen\/"},"modified":"2023-09-27T11:59:19","modified_gmt":"2023-09-27T09:59:19","slug":"publikationen","status":"publish","type":"page","link":"https:\/\/www.archaeoman.de\/ar\/der-fundort-al-ayn\/publikationen\/","title":{"rendered":"\u0627\u0644\u0625\u0635\u062f\u0627\u0631\u0627\u062a"},"content":{"rendered":"<div id=\"pl-2250\"  class=\"panel-layout panel-is-rtl\" ><div id=\"pg-2250-0\"  class=\"panel-grid panel-no-style\" ><div id=\"pgc-2250-0-0\"  class=\"panel-grid-cell\" ><div id=\"panel-2250-0-0-0\" class=\"so-panel widget widget_sow-editor panel-first-child panel-last-child\" data-index=\"0\" ><div\n\t\t\t\n\t\t\tclass=\"so-widget-sow-editor so-widget-sow-editor-base\"\n\t\t\t\n\t\t>\n<div class=\"siteorigin-widget-tinymce textwidget\">\n\t<p style=\"text-align: right;\"><strong>\u0627\u0644\u0645\u0646\u0634\u0648\u0631\u0627\u062a<\/strong><\/p>\n<ul>\n<li>D\u00f6pper, S. (2021), <em><a href=\"https:\/\/www.archaeopress.com\/Archaeopress\/Products\/9781789699494\" target=\"_blank\" rel=\"noopener\">Die Gr\u00e4ber von Bat und Al-Ayn und das Geb\u00e4ude II in Bat<\/a>, Arabia Orientalis<\/em> 2, Oxford, Archaeopress.<\/li>\n<li>D\u00f6pper, S. \u2013 Schmidt, C. (2015), <a href=\"https:\/\/www.thebfsa.org\/files\/BFSA_Bulletin_2015_(20)%20(1).pdf\" target=\"_blank\" rel=\"noopener\">Necropoleis of B\u0101t and Al-Ayn<\/a>, <em>Bulletin of the British Foundation for the Study of Arabia<\/em> 20, 20\u201321.<\/li>\n<li>Schmidt, C. \u2013 D\u00f6pper, S. (2014), German Expedition to Bat and Al-Ayn, Sultanate of Oman: The 2010 to 2013 seasons, <em>The Journal of Oman Studies<\/em> 18, 187\u2013230.<\/li>\n<li>D\u00f6pper, S. (2014), On the Reuse of Early Bronze Age Tombs \u2013 the German Excavations at Bat and Al-Ayn, Sultanate of Oman, in: P. Bieli\u0144ski, M. Gawlikowski, R. Koli\u0144ski, D. \u0141awecka, A. So\u0142tysiak, Z. Wygna\u0144ska (eds.), <em>Proceedings of the 8th International Congress on the Archaeology of the Ancient Near East. 30 April \u2013 4 May 2012<\/em>, University of Warsaw, 57\u201369.<\/li>\n<li>D\u00f6pper, S. \u2013 Schmidt, C. (2014), <a href=\"https:\/\/www.orient-gesellschaft.de\/repositorium\/MDOG\/MDOG_146.pdf\" target=\"_blank\" rel=\"noopener\">Bericht \u00fcber die Ausgrabungen 2013 und 2014 in Bat und Al-Ayn, Sultanat Oman<\/a>, <em>Mitteilungen der Deutschen Orient-Gesellschaft<\/em> 146, 55\u201385.<\/li>\n<li>D\u00f6pper, S. \u2013 Schmidt, C. (2013), <a href=\"https:\/\/www.orient-gesellschaft.de\/repositorium\/MDOG\/MDOG_145.pdf\" target=\"_blank\" rel=\"noopener\">Bericht \u00fcber die Ausgrabungen 2011 und 2012 in Bat und Al-Ayn, Sultanat Oman<\/a>, <em>Mitteilungen der Deutschen Orient-Gesellschaft<\/em> 145, 23\u201352.<\/li>\n<li>D\u00f6pper, S. \u2013 Schmidt, C. (2011), <a href=\"https:\/\/www.orient-gesellschaft.de\/repositorium\/MDOG\/MDOG_143.pdf\" target=\"_blank\" rel=\"noopener\">Die Grabt\u00fcrme der Nekropolen von Bat und Al-Ayn im Sultanat Oman. Bericht \u00fcber die Vorkampagne 2010<\/a>, <em>Mitteilungen der Deutschen Orient-Gesellschaft<\/em> 143, 293\u2013321.<\/li>\n<\/ul>\n<hr \/>\n<p style=\"text-align: right;\"><strong>\u0645\u062e\u0632\u0646<\/strong><\/p>\n<ul>\n<li>Schmidt, C. \u2013 D\u00f6pper, S. (2020),\u00a0<a href=\"https:\/\/fdat.escience.uni-tuebingen.de\/portal\/#\/project_description\/10900.1%252F7c79db75-bac1-4e96-aaa2-3b74761c26e0\" target=\"_blank\" rel=\"noopener\"><em>Bat, Al-Zebah and Al-Ayn Archaeological Project, University of Tuebingen<\/em><\/a>, Eberhard Karls Universit\u00e4t T\u00fcbingen.<\/li>\n<\/ul>\n<\/div>\n<\/div><\/div><\/div><div id=\"pgc-2250-0-1\"  class=\"panel-grid-cell\" ><div id=\"panel-2250-0-1-0\" class=\"so-panel widget widget_nav_menu panel-first-child panel-last-child\" data-index=\"1\" ><div class=\"menu-der-fundort-al-ayn-ar-container\"><ul id=\"menu-der-fundort-al-ayn-ar\" class=\"menu\"><li id=\"menu-item-2247\" class=\"ar menu-item menu-item-type-post_type menu-item-object-page menu-item-has-children menu-item-2247\"><a href=\"https:\/\/www.archaeoman.de\/ar\/der-fundort-al-ayn\/\">\u0645\u064e\u0648\u0642\u0650\u0639\u0652 \u0622\u062b\u0627\u0631 \u0627\u0644\u0639\u064e\u064a\u0646<\/a>\n<ul class=\"sub-menu\">\n\t<li id=\"menu-item-2253\" class=\"menu-item menu-item-type-post_type menu-item-object-page menu-item-2253\"><a href=\"https:\/\/www.archaeoman.de\/ar\/der-fundort-al-ayn\/publikationen\/\">\u0627\u0644\u0625\u0635\u062f\u0627\u0631\u0627\u062a<\/a><\/li>\n\t<li id=\"menu-item-2258\" class=\"menu-item menu-item-type-post_type menu-item-object-page menu-item-2258\"><a href=\"https:\/\/www.archaeoman.de\/ar\/der-fundort-al-ayn\/qualifikationsarbeiten\/\">\u0627\u0644\u0645\u0624\u0647\u0644\u0627\u062a \u0627\u0644\u0639\u0644\u0645\u064a\u0629<\/a><\/li>\n\t<li id=\"menu-item-2262\" class=\"menu-item menu-item-type-post_type menu-item-object-page menu-item-2262\"><a href=\"https:\/\/www.archaeoman.de\/ar\/der-fundort-al-ayn\/mitarbeiter-und-kooperationspartner\/\">\u0645\u0648\u0638\u0641 \u0648\u0645\u0646\u0633\u0642 \u0627\u0644\u062a\u0639\u0627\u0648\u0646<\/a><\/li>\n\t<li id=\"menu-item-2266\" class=\"menu-item menu-item-type-post_type menu-item-object-page menu-item-2266\"><a href=\"https:\/\/www.archaeoman.de\/ar\/der-fundort-al-ayn\/foerderung\/\">\u0627\u0644\u062a\u0645\u0648\u064a\u0644<\/a><\/li>\n<\/ul>\n<\/li>\n<\/ul><\/div><\/div><\/div><\/div><\/div>","protected":false},"excerpt":{"rendered":"<p>\u0627\u0644\u0645\u0646\u0634\u0648\u0631\u0627\u062a D\u00f6pper, S. (2021), Die Gr\u00e4ber von Bat und Al-Ayn und das Geb\u00e4ude II in Bat, Arabia Orientalis 2, Oxford, Archaeopress. D\u00f6pper, S. \u2013 Schmidt, C. (2015), Necropoleis of B\u0101t and Al-Ayn, Bulletin of the British Foundation for the Study of Arabia 20, 20\u201321. Schmidt, C. \u2013 D\u00f6pper, S. (2014), German Expedition to Bat and &#8230; <a title=\"\u0627\u0644\u0625\u0635\u062f\u0627\u0631\u0627\u062a\" class=\"read-more\" href=\"https:\/\/www.archaeoman.de\/ar\/der-fundort-al-ayn\/publikationen\/\" aria-label=\"Read more about \u0627\u0644\u0625\u0635\u062f\u0627\u0631\u0627\u062a\">Weiterlesen &#8230;<\/a><\/p>\n","protected":false},"author":1,"featured_media":0,"parent":2243,"menu_order":0,"comment_status":"closed","ping_status":"closed","template":"","meta":{"generate_page_header":"","footnotes":""},"class_list":["post-2250","page","type-page","status-publish"],"_links":{"self":[{"href":"https:\/\/www.archaeoman.de\/ar\/wp-json\/wp\/v2\/pages\/2250","targetHints":{"allow":["GET"]}}],"collection":[{"href":"https:\/\/www.archaeoman.de\/ar\/wp-json\/wp\/v2\/pages"}],"about":[{"href":"https:\/\/www.archaeoman.de\/ar\/wp-json\/wp\/v2\/types\/page"}],"author":[{"embeddable":true,"href":"https:\/\/www.archaeoman.de\/ar\/wp-json\/wp\/v2\/users\/1"}],"replies":[{"embeddable":true,"href":"https:\/\/www.archaeoman.de\/ar\/wp-json\/wp\/v2\/comments?post=2250"}],"version-history":[{"count":2,"href":"https:\/\/www.archaeoman.de\/ar\/wp-json\/wp\/v2\/pages\/2250\/revisions"}],"predecessor-version":[{"id":9565,"href":"https:\/\/www.archaeoman.de\/ar\/wp-json\/wp\/v2\/pages\/2250\/revisions\/9565"}],"up":[{"embeddable":true,"href":"https:\/\/www.archaeoman.de\/ar\/wp-json\/wp\/v2\/pages\/2243"}],"wp:attachment":[{"href":"https:\/\/www.archaeoman.de\/ar\/wp-json\/wp\/v2\/media?parent=2250"}],"curies":[{"name":"wp","href":"https:\/\/api.w.org\/{rel}","templated":true}]}}