{"id":2424,"date":"2017-07-04T12:33:25","date_gmt":"2017-07-04T10:33:25","guid":{"rendered":"https:\/\/www.archaeoman.de\/der-fundort-al-zebah\/publikationen\/"},"modified":"2023-09-27T12:07:06","modified_gmt":"2023-09-27T10:07:06","slug":"publikationen","status":"publish","type":"page","link":"https:\/\/www.archaeoman.de\/ar\/der-fundort-al-zebah\/publikationen\/","title":{"rendered":"Publikationen &#8211; \u0627\u0644\u0625\u0635\u062f\u0627\u0631\u0627\u062a"},"content":{"rendered":"<div id=\"pl-2424\"  class=\"panel-layout panel-is-rtl\" ><div id=\"pg-2424-0\"  class=\"panel-grid panel-no-style\" ><div id=\"pgc-2424-0-0\"  class=\"panel-grid-cell\" ><div id=\"panel-2424-0-0-0\" class=\"so-panel widget widget_sow-editor panel-first-child panel-last-child\" data-index=\"0\" ><div\n\t\t\t\n\t\t\tclass=\"so-widget-sow-editor so-widget-sow-editor-base\"\n\t\t\t\n\t\t>\n<div class=\"siteorigin-widget-tinymce textwidget\">\n\t<p style=\"text-align: right;\"><strong>\u0627\u0644\u0645\u0646\u0634\u0648\u0631\u0627\u062a<\/strong><\/p>\n<ul>\n<li>D\u00f6pper, S. (2019), Al-Zebah and its Position in the Regional Settlement Pattern of Central Inner-Oman in: S. D\u00f6pper (ed.), <em>Beyond Tombs and Towers. Domestic Architecture of the Umm an-Nar Period in Eastern Arabia. Arabia Orientalis<\/em> 4. Wiesbaden: Harrassowitz, 87\u201396.<\/li>\n<li>D\u00f6pper, S. \u2013 Schmidt, C. (2018), The Umm an-Nar Settlement of Al-Zebah, in: S. Cleuziou \u2013 M. Tosi (eds.), <em>In the Shadow of the Ancestors. The Prehistoric Foundations of the Early Arabian Civilization in Oman<\/em>, Maskat: Ministry of Heritage and Culture, second expanded edition, 381\u2013384.<\/li>\n<li>Schmidt, C. (2018), The Umm an-Nar Settlement of Al-Zebah, in: S. D\u00f6pper (ed.), <em>Beyond Tombs and Towers. Domestic Architecture of the Umm an-Nar Period in Eastern Arabia, Arabia Orientalis <\/em>4, Harrassowitz, Wiesbaden, 71\u201386.<\/li>\n<li>Schmidt, C. (2018), <a href=\"https:\/\/www.persee.fr\/doc\/paleo_0153-9345_2018_num_44_1_5788\" target=\"_blank\" rel=\"noopener\">Pastoral Nomadism in 3rd Millennium BC Eastern Arabia: A view from Al-Zebah in Central Oman<\/a>, <em>Pal\u00e9orient <\/em>44.1, 105\u2013118.<\/li>\n<li>Schmidt, C. (2016), Mobile Pastoralists as Global Players: Excavations at Al-Zebah, Sultanate of Oman, in: Rolf A. Stucky \u2013 Oskar Kaelin \u2013 Hans-Peter Mathys (eds.), <em>Proceedings of the 9th International Congress on the Archaeology of the Ancient Near East (ICAANE), 9-13 June 2014<\/em>, Basel, Volume 3: Reports, 689\u2013696.<\/li>\n<li>Schmidt, C. \u2013 D\u00f6pper, S. (2016), <a href=\"https:\/\/archaeopresspublishing.com\/ojs\/index.php\/PSAS\/article\/view\/1257\" target=\"_blank\" rel=\"noopener\">Umm an-Nar pottery assemblages from B\u0101t and al-Z\u012bb\u0101 and their functional contexts<\/a>, <em>Proceedings of the Seminar for Arabian Studies<\/em> 46, 247\u2013262.<\/li>\n<li>Loges, Luise (2015), <a href=\"https:\/\/www.spektrum.de\/magazin\/kupfer-fuer-die-alte-welt\/1333993\" target=\"_blank\" rel=\"noopener\">Kupfer f\u00fcr die Alte Welt<\/a>. Spektrum der Wissenschaft April 2015, 66-70. <a href=\"http:\/\/www.spektrum.de\/artikel\/1333993\">www.spektrum.de\/artikel\/1333993<\/a><\/li>\n<li>Schmidt, C. \u2013 D\u00f6pper, S. (2014), German Expedition to Bat and Al-Ayn, Sultanate of Oman: The 2010 to 2013 seasons, <em>The Journal of Oman Studies<\/em> 18, 187\u2013230.<\/li>\n<li>D\u00f6pper, S. \u2013 Schmidt, C. (2014), <a href=\"https:\/\/www.orient-gesellschaft.de\/repositorium\/MDOG\/MDOG_146.pdf\" target=\"_blank\" rel=\"noopener\">Bericht \u00fcber die Ausgrabungen 2013 und 2014 in Bat und Al-Ayn, Sultanat Oman<\/a>, <em>Mitteilungen der Deutschen Orient-Gesellschaft<\/em> 146, 55\u201385.<\/li>\n<li>D\u00f6pper, S. \u2013 Schmidt, C. (2013), <a href=\"https:\/\/www.orient-gesellschaft.de\/repositorium\/MDOG\/MDOG_145.pdf\" target=\"_blank\" rel=\"noopener\">Bericht \u00fcber die Ausgrabungen 2011 und 2012 in Bat und Al-Ayn, Sultanat Oman<\/a>, <em>Mitteilungen der Deutschen Orient-Gesellschaft<\/em> 145, 23\u201352.<\/li>\n<\/ul>\n<hr \/>\n<p style=\"text-align: right;\"><strong>\u0645\u062e\u0632\u0646<\/strong><\/p>\n<ul>\n<li>Schmidt, C. \u2013 D\u00f6pper, S. (2020),\u00a0<a href=\"https:\/\/fdat.escience.uni-tuebingen.de\/portal\/#\/project_description\/10900.1%252F7c79db75-bac1-4e96-aaa2-3b74761c26e0\" target=\"_blank\" rel=\"noopener\"><em>Bat, Al-Zebah and Al-Ayn Archaeological Project, University of Tuebingen<\/em><\/a>, Eberhard Karls Universit\u00e4t T\u00fcbingen.<\/li>\n<\/ul>\n<\/div>\n<\/div><\/div><\/div><div id=\"pgc-2424-0-1\"  class=\"panel-grid-cell\" ><div id=\"panel-2424-0-1-0\" class=\"so-panel widget widget_nav_menu panel-first-child panel-last-child\" data-index=\"1\" ><div class=\"menu-der-fundort-al-zebah-ar-container\"><ul id=\"menu-der-fundort-al-zebah-ar\" class=\"menu\"><li id=\"menu-item-2275\" class=\"ar menu-item menu-item-type-post_type menu-item-object-page menu-item-has-children menu-item-2275\"><a href=\"https:\/\/www.archaeoman.de\/ar\/der-fundort-al-zebah\/\">\u0645\u064e\u0648\u0642\u0650\u0639\u0652 \u0622\u062b\u0627\u0631 \u0627\u0644\u0632\u064a\u0628\u0629<\/a>\n<ul class=\"sub-menu\">\n\t<li id=\"menu-item-2442\" class=\"menu-item menu-item-type-post_type menu-item-object-page menu-item-2442\"><a href=\"https:\/\/www.archaeoman.de\/ar\/der-fundort-al-zebah\/publikationen\/\">\u0627\u0644\u0625\u0635\u062f\u0627\u0631\u0627\u062a<\/a><\/li>\n\t<li id=\"menu-item-2441\" class=\"menu-item menu-item-type-post_type menu-item-object-page menu-item-2441\"><a href=\"https:\/\/www.archaeoman.de\/ar\/der-fundort-al-zebah\/qualifikationsarbeiten\/\">\u0627\u0644\u0645\u0624\u0647\u0644\u0627\u062a \u0627\u0644\u0639\u0644\u0645\u064a\u0629<\/a><\/li>\n\t<li id=\"menu-item-2440\" class=\"menu-item menu-item-type-post_type menu-item-object-page menu-item-2440\"><a href=\"https:\/\/www.archaeoman.de\/ar\/der-fundort-al-zebah\/mitarbeiter-und-kooperationspartner\/\">\u0645\u0648\u0638\u0641 \u0648\u0645\u0646\u0633\u0642 \u0627\u0644\u062a\u0639\u0627\u0648\u0646<\/a><\/li>\n\t<li id=\"menu-item-2439\" class=\"menu-item menu-item-type-post_type menu-item-object-page menu-item-2439\"><a href=\"https:\/\/www.archaeoman.de\/ar\/der-fundort-al-zebah\/foerderung\/\">\u0627\u0644\u062a\u0645\u0648\u064a\u0644<\/a><\/li>\n<\/ul>\n<\/li>\n<\/ul><\/div><\/div><\/div><\/div><\/div>","protected":false},"excerpt":{"rendered":"<p>\u0627\u0644\u0645\u0646\u0634\u0648\u0631\u0627\u062a D\u00f6pper, S. (2019), Al-Zebah and its Position in the Regional Settlement Pattern of Central Inner-Oman in: S. D\u00f6pper (ed.), Beyond Tombs and Towers. Domestic Architecture of the Umm an-Nar Period in Eastern Arabia. Arabia Orientalis 4. Wiesbaden: Harrassowitz, 87\u201396. D\u00f6pper, S. \u2013 Schmidt, C. (2018), The Umm an-Nar Settlement of Al-Zebah, in: S. Cleuziou &#8230; <a title=\"Publikationen &#8211; \u0627\u0644\u0625\u0635\u062f\u0627\u0631\u0627\u062a\" class=\"read-more\" href=\"https:\/\/www.archaeoman.de\/ar\/der-fundort-al-zebah\/publikationen\/\" aria-label=\"Read more about Publikationen &#8211; \u0627\u0644\u0625\u0635\u062f\u0627\u0631\u0627\u062a\">Weiterlesen &#8230;<\/a><\/p>\n","protected":false},"author":1,"featured_media":0,"parent":2272,"menu_order":0,"comment_status":"closed","ping_status":"closed","template":"","meta":{"generate_page_header":"","footnotes":""},"class_list":["post-2424","page","type-page","status-publish"],"_links":{"self":[{"href":"https:\/\/www.archaeoman.de\/ar\/wp-json\/wp\/v2\/pages\/2424","targetHints":{"allow":["GET"]}}],"collection":[{"href":"https:\/\/www.archaeoman.de\/ar\/wp-json\/wp\/v2\/pages"}],"about":[{"href":"https:\/\/www.archaeoman.de\/ar\/wp-json\/wp\/v2\/types\/page"}],"author":[{"embeddable":true,"href":"https:\/\/www.archaeoman.de\/ar\/wp-json\/wp\/v2\/users\/1"}],"replies":[{"embeddable":true,"href":"https:\/\/www.archaeoman.de\/ar\/wp-json\/wp\/v2\/comments?post=2424"}],"version-history":[{"count":2,"href":"https:\/\/www.archaeoman.de\/ar\/wp-json\/wp\/v2\/pages\/2424\/revisions"}],"predecessor-version":[{"id":9570,"href":"https:\/\/www.archaeoman.de\/ar\/wp-json\/wp\/v2\/pages\/2424\/revisions\/9570"}],"up":[{"embeddable":true,"href":"https:\/\/www.archaeoman.de\/ar\/wp-json\/wp\/v2\/pages\/2272"}],"wp:attachment":[{"href":"https:\/\/www.archaeoman.de\/ar\/wp-json\/wp\/v2\/media?parent=2424"}],"curies":[{"name":"wp","href":"https:\/\/api.w.org\/{rel}","templated":true}]}}