{"id":7303,"date":"2020-04-15T20:27:58","date_gmt":"2020-04-15T18:27:58","guid":{"rendered":"https:\/\/www.archaeoman.de\/das-lost-cities-projekt\/publikationen\/"},"modified":"2025-10-02T16:19:10","modified_gmt":"2025-10-02T14:19:10","slug":"publikationen","status":"publish","type":"page","link":"https:\/\/www.archaeoman.de\/ar\/das-lost-cities-projekt\/publikationen\/","title":{"rendered":"Publikationen &#8211; \u0627\u0644\u0625\u0635\u062f\u0627\u0631\u0627\u062a"},"content":{"rendered":"<div id=\"pl-7303\"  class=\"panel-layout panel-is-rtl\" ><div id=\"pg-7303-0\"  class=\"panel-grid panel-no-style\" ><div id=\"pgc-7303-0-0\"  class=\"panel-grid-cell\" ><div id=\"panel-7303-0-0-0\" class=\"so-panel widget widget_sow-editor panel-first-child panel-last-child\" data-index=\"0\" ><div\n\t\t\t\n\t\t\tclass=\"so-widget-sow-editor so-widget-sow-editor-base\"\n\t\t\t\n\t\t>\n<div class=\"siteorigin-widget-tinymce textwidget\">\n\t<p style=\"text-align: right;\"><strong>\u0627\u0644\u0645\u0646\u0634\u0648\u0631\u0627\u062a<\/strong><\/p>\n<ul>\n<li>D\u00f6pper, S. \u2013 Mershen, B. \u2013 Kanditt, J. \u2013 Biezeveld, I. \u2013 Schmitt-Lux, T. (in press) (eds), <em>Mudbrick Settlements of the Oman Peninsula: Inhabited \u2013 Abandoned \u2013 Re(dis)covered<\/em>, sidestone.<\/li>\n<li>\u017divkovi\u0107, J. \u2013 Carvajal Lopez, J. \u2013 D\u00f6pper, S. \u2013 Biezeveld, I. (2025), <a href=\"https:\/\/archaeopresspublishing.com\/ojs\/index.php\/PSAS\/article\/view\/2729\" target=\"_blank\" rel=\"noopener\">The production of Bahl\u0101 Ware in the context of late Islamic Oman<\/a>, <em>Proceedings of the Seminar for Arabian Studies<\/em>\u00a054, 247\u2013262.<\/li>\n<li>Mershen, B. \u2013 Kanditt, J. \u2013 Schmidt-Lux, T. \u2013 D\u00f6pper, S. \u2013 Biezeveld, I. (2025), <a href=\"https:\/\/www.tandfonline.com\/doi\/full\/10.1080\/21534764.2024.2448042\" target=\"_blank\" rel=\"noopener\">Harat al Hamra: The Journey from an Oasis Town to a \u2018Heritage Village\u2019<\/a>, <em>Journal of Arabian Studies<\/em> 14\/1, 136\u2013150.<\/li>\n<li>Schmidt-Lux, T. \u2013 Kanditt, J. (im Druck) \u201e\u00dcber das Werden, Vergehen und den Zustand des Dazwischen. Die verlassenen Lehmziegelsiedlungen im Oman\u201c, Sammelband der Lost Cities-Tagung am Historischen Kolleg M\u00fcnchen vom 18.-19.3.21 unter der Leitung von Prof. Dr. Martin Zimmermann.<\/li>\n<li>Biezeveld, I. \u2013 D\u00f6pper, S. \u2013 Kanditt, J. \u2013 Mershen, B. \u2013 Schmidt-Lux, T. (2023), Transforming the Rural and Urban Landscape of Central Oman: The Development of Mudbrick City-Quarters during the 20<sup>th<\/sup> Century<em>, VIII AACCP (Architecture, Archaeology and Contemporary City Planning) Symposium, Cities in Evolution: Diachronic Transformations of Urban and Rural Settlements<\/em>, 123\u2013131.<\/li>\n<li>D\u00f6pper, S. (2023), <a href=\"https:\/\/www.harrassowitz-verlag.de\/Proceedings_of_the_12th_International_Congress_on_the_Archaeology_of_the_Ancient_Near_East\/title_7229.ahtml\" target=\"_blank\" rel=\"noopener\">Mud-Brick Villages and Open-Air Mosques: The Late Islamic Landscape of the Al-Mudhaybi Region in Central Oman<\/a>, in: N. Marchetti \u2013 F. Cavaliere \u2013 E. Cirelli, C. D\u2019Orazio \u2013 G. Giacosa \u2013 M. Guidetti \u2013 E. Mariani (eds), <em>Proceedings of the 12<sup>th<\/sup> International Congress on the Archaeology of the Ancient Near East, 06-09 April 2021, Bologna<\/em>, Wiesbaden, 945-956.<\/li>\n<li>Kanditt, J. \u2013\u00a0 Schmidt-Lux, T. (2023), <a href=\"https:\/\/www.transcript-open.de\/doi\/10.14361\/9783839462225-013\" target=\"_blank\" rel=\"noopener\">Von \u00bbArchiven des Wohnens\u00ab und \u00bbformer glory\u00ab. Zeitgen\u00f6ssische Debatten \u00fcber die verlassene h\u0101r\u0101t-Architektur im Zentraloman<\/a>, in: J. Habeck, \u2013 F. Schmitz (Hrsg.), <em>Ruinen und vergessene Orte. Materialit\u00e4t im Verfall, Nachnutzungen, Umdeutungen<\/em>. Bielefeld, 185-198.<\/li>\n<li>Bandyopadhyay, S. \u2013 Mershen, B. (2022), <a href=\"https:\/\/doi.org\/10.1163\/26666286-12340028\" target=\"_blank\" rel=\"noopener\">Falaj Communities in Oman: A Case for Local Governance?: Ib\u0101\u1e0di\u0304 Legal Rulings and Spatial and Ethnohistorical Observations<\/a>. <em>Journal of Material Cultures in the Muslim World<\/em>, <em>3<\/em>(1), 6-47.<\/li>\n<li>Biezeveld, I. (2022), <a href=\"https:\/\/doi.org\/10.1111\/aae.12225\" target=\"_blank\" rel=\"noopener\">Re(dis)covering the recent: Surveying settlements and society in central Oman from the 17th to the 20th centuries<\/a>, <em>Arabian Archaeology and Epigraphy, <\/em><span class=\"vol\">34<\/span>, <span class=\"pageFirst\">107\u2013<\/span><span class=\"pageLast\">121<\/span>.<\/li>\n<\/ul>\n<p>&nbsp;<\/p>\n<hr \/>\n<p style=\"text-align: right;\"><strong>\u0645\u064e\u062e\u064e\u0627\u0632\u0650\u0646<\/strong><\/p>\n<ul>\n<li>D\u00f6pper, S. (2025), Lost Cities, Zenodo, <a href=\"https:\/\/zenodo.org\/communities\/lostcities\" target=\"_blank\" rel=\"noopener\">https:\/\/zenodo.org\/communities\/lostcities<\/a><\/li>\n<li>\u017divkovi\u0107, J. \u2013 Carvajal L\u00f3pez, J. C. \u2013 D\u00f6pper, S. \u2013 Biezeveld, I. (2024), Bahla ware from Central Oman: Petrological and chemical information on bodies, chemical information on glazes. DIGITAL.CSIC, <a href=\"https:\/\/doi.org\/10.20350\/digitalCSIC\/16704\" target=\"_blank\" rel=\"noopener\">https:\/\/doi.org\/10.20350\/digitalCSIC\/16704<\/a><\/li>\n<\/ul>\n<p>&nbsp;<\/p>\n<hr \/>\n<p style=\"text-align: right;\"><strong>\u0641\u064a \u0627\u0644\u0623\u062e\u0628\u0627\u0631<\/strong><\/p>\n<ul>\n<li>Virtuelle Posterausstellung: \u201e<a href=\"https:\/\/lisa.gerda-henkel-stiftung.de\/lost_cities_oman_poster\" target=\"_blank\" rel=\"noopener\">Lost Cities in Oman<\/a>\u201c L.I.S.A Wissenschaftsportal der Gerda Henkel Stiftung, 29.07.2023<\/li>\n<li>\"<a href=\"https:\/\/lisa.gerda-henkel-stiftung.de\/oman_lost_cities\" target=\"_blank\" rel=\"noopener\">Durch ihre schiere Materialit\u00e4t weiterhin pr\u00e4sent<\/a>\". Interview mit Stephanie D\u00f6pper, Thomas Schmidt-Lux und Birgit Mershen zu Lost Cities im Oman, L.I.S.A Wissenschaftsportal der Gerda Henkel Stiftung (Judith Wonke), 12.07.2022<\/li>\n<li>\"<a href=\"https:\/\/lisa.gerda-henkel-stiftung.de\/die_verlassenen_lehmziegel_bauten?nav_id=9843\" target=\"_blank\" rel=\"noopener\">Lost Cities in Oman<\/a>\", Filmproduktion der Gerda Henkel-Stiftung, 11.08.2021<\/li>\n<li>\"<a href=\"https:\/\/www.tagesspiegel.de\/wissen\/rettung-historischer-lehmziegelbauten-im-oman-das-haus-hat-doch-mein-grossvater-gebaut\/26266004.html\" target=\"_blank\" rel=\"noopener\">\"Das Haus hat doch mein Gro\u00dfvater gebaut\" Rettung historischer Lehmziegelbauten im Oman<\/a>\", Berliner Tagesspiegel, 13.10.2020<\/li>\n<li>\u201e<a href=\"https:\/\/www.archaeologie-online.de\/blog\/frankfurter-archaeologen-erforschen-lost-cities-im-oman-4493\/\" target=\"_blank\" rel=\"noopener\">Frankfurter Arch\u00e4ologen erforschen \u00bbLost Cities\u00ab im Oman<\/a>\u201c, Arch\u00e4ologie Online, 29.11.2019<\/li>\n<\/ul>\n<\/div>\n<\/div><\/div><\/div><div id=\"pgc-7303-0-1\"  class=\"panel-grid-cell\" ><div id=\"panel-7303-0-1-0\" class=\"so-panel widget widget_nav_menu panel-first-child panel-last-child\" data-index=\"1\" ><div class=\"menu-das-lost-cities-projekt-ar-container\"><ul id=\"menu-das-lost-cities-projekt-ar\" class=\"menu\"><li id=\"menu-item-7337\" class=\"ar menu-item menu-item-type-post_type menu-item-object-page menu-item-has-children menu-item-7337\"><a href=\"https:\/\/www.archaeoman.de\/ar\/das-lost-cities-projekt\/\">\u0645\u0634\u0631\u0648\u0639 \u0627\u0644\u0645\u062f\u0646 \u0627\u0644\u0645\u0647\u062c\u0648\u0631\u0629 \u0627\u0644\u0628\u062d\u062b<\/a>\n<ul class=\"sub-menu\">\n\t<li id=\"menu-item-7341\" class=\"menu-item menu-item-type-post_type menu-item-object-page menu-item-7341\"><a href=\"https:\/\/www.archaeoman.de\/ar\/das-lost-cities-projekt\/publikationen\/\">\u0627\u0644\u0625\u0635\u062f\u0627\u0631\u0627\u062a<\/a><\/li>\n\t<li id=\"menu-item-7340\" class=\"menu-item menu-item-type-post_type menu-item-object-page menu-item-7340\"><a href=\"https:\/\/www.archaeoman.de\/ar\/das-lost-cities-projekt\/qualifikationsarbeiten\/\">\u0644\u0645\u0624\u0647\u0644\u0627\u062a \u0627\u0644\u0639\u0644\u0645\u064a\u0629<\/a><\/li>\n\t<li id=\"menu-item-7339\" class=\"menu-item menu-item-type-post_type menu-item-object-page menu-item-7339\"><a href=\"https:\/\/www.archaeoman.de\/ar\/das-lost-cities-projekt\/mitarbeiter-und-kooperationspartner\/\">\u0645\u0648\u0638\u0641 \u0648\u0645\u0646\u0633\u0642 \u0627\u0644\u062a\u0639\u0627\u0648\u0646<\/a><\/li>\n\t<li id=\"menu-item-7338\" class=\"menu-item menu-item-type-post_type menu-item-object-page menu-item-7338\"><a href=\"https:\/\/www.archaeoman.de\/ar\/das-lost-cities-projekt\/foerderung\/\">\u0644\u062a\u0645\u0648\u064a\u0644<\/a><\/li>\n<\/ul>\n<\/li>\n<\/ul><\/div><\/div><\/div><\/div><\/div>","protected":false},"excerpt":{"rendered":"<p>\u0627\u0644\u0645\u0646\u0634\u0648\u0631\u0627\u062a D\u00f6pper, S. \u2013 Mershen, B. \u2013 Kanditt, J. \u2013 Biezeveld, I. \u2013 Schmitt-Lux, T. (in press) (eds), Mudbrick Settlements of the Oman Peninsula: Inhabited \u2013 Abandoned \u2013 Re(dis)covered, sidestone. \u017divkovi\u0107, J. \u2013 Carvajal Lopez, J. \u2013 D\u00f6pper, S. \u2013 Biezeveld, I. (2025), The production of Bahl\u0101 Ware in the context of late Islamic Oman, &#8230; <a title=\"Publikationen &#8211; \u0627\u0644\u0625\u0635\u062f\u0627\u0631\u0627\u062a\" class=\"read-more\" href=\"https:\/\/www.archaeoman.de\/ar\/das-lost-cities-projekt\/publikationen\/\" aria-label=\"Read more about Publikationen &#8211; \u0627\u0644\u0625\u0635\u062f\u0627\u0631\u0627\u062a\">Weiterlesen &#8230;<\/a><\/p>\n","protected":false},"author":1,"featured_media":0,"parent":7194,"menu_order":0,"comment_status":"closed","ping_status":"closed","template":"","meta":{"generate_page_header":"","footnotes":""},"class_list":["post-7303","page","type-page","status-publish"],"_links":{"self":[{"href":"https:\/\/www.archaeoman.de\/ar\/wp-json\/wp\/v2\/pages\/7303","targetHints":{"allow":["GET"]}}],"collection":[{"href":"https:\/\/www.archaeoman.de\/ar\/wp-json\/wp\/v2\/pages"}],"about":[{"href":"https:\/\/www.archaeoman.de\/ar\/wp-json\/wp\/v2\/types\/page"}],"author":[{"embeddable":true,"href":"https:\/\/www.archaeoman.de\/ar\/wp-json\/wp\/v2\/users\/1"}],"replies":[{"embeddable":true,"href":"https:\/\/www.archaeoman.de\/ar\/wp-json\/wp\/v2\/comments?post=7303"}],"version-history":[{"count":9,"href":"https:\/\/www.archaeoman.de\/ar\/wp-json\/wp\/v2\/pages\/7303\/revisions"}],"predecessor-version":[{"id":10020,"href":"https:\/\/www.archaeoman.de\/ar\/wp-json\/wp\/v2\/pages\/7303\/revisions\/10020"}],"up":[{"embeddable":true,"href":"https:\/\/www.archaeoman.de\/ar\/wp-json\/wp\/v2\/pages\/7194"}],"wp:attachment":[{"href":"https:\/\/www.archaeoman.de\/ar\/wp-json\/wp\/v2\/media?parent=7303"}],"curies":[{"name":"wp","href":"https:\/\/api.w.org\/{rel}","templated":true}]}}