{"id":7309,"date":"2020-04-15T20:29:10","date_gmt":"2020-04-15T18:29:10","guid":{"rendered":"https:\/\/www.archaeoman.de\/das-lost-cities-projekt\/mitarbeiter-und-kooperationspartner\/"},"modified":"2023-09-27T13:48:35","modified_gmt":"2023-09-27T11:48:35","slug":"mitarbeiter-und-kooperationspartner","status":"publish","type":"page","link":"https:\/\/www.archaeoman.de\/ar\/das-lost-cities-projekt\/mitarbeiter-und-kooperationspartner\/","title":{"rendered":"Mitarbeiter und Kooperationspartner &#8211; \u0645\u0648\u0638\u0641 \u0648\u0645\u0646\u0633\u0642 \u0627\u0644\u062a\u0639\u0627\u0648\u0646"},"content":{"rendered":"<div id=\"pl-7309\"  class=\"panel-layout panel-is-rtl\" ><div id=\"pg-7309-0\"  class=\"panel-grid panel-no-style\" ><div id=\"pgc-7309-0-0\"  class=\"panel-grid-cell\" ><div id=\"panel-7309-0-0-0\" class=\"so-panel widget widget_sow-editor panel-first-child panel-last-child\" data-index=\"0\" ><div\n\t\t\t\n\t\t\tclass=\"so-widget-sow-editor so-widget-sow-editor-base\"\n\t\t\t\n\t\t>\n<div class=\"siteorigin-widget-tinymce textwidget\">\n\t<p dir=\"rtl\"><strong>\u0623\u0639\u0636\u0627\u0621 \u0627\u0644\u0641\u0631\u064a\u0642<\/strong><strong>:<\/strong><\/p>\n<p dir=\"rtl\">\u0627\u0644\u0641\u0631\u064a\u0642: \u062f.\u0634\u062a\u064a\u0641\u0627\u0646\u064a \u062f\u0648\u0628\u064a\u0631\u060c \u0625\u064a\u0631\u064a\u0646\u064a \u0628\u064a\u0632\u0641\u064a\u0644\u062f (\u062c\u0627\u0645\u0639\u0629 \u063a\u0648\u062a\u0647 -\u0641\u0631\u0627\u0646\u0643\u0641\u0648\u0631\u062a) \u060c \u062f. \u062a\u0648\u0645\u0627\u0633 \u0634\u0645\u064a\u062f\u062a \u0644\u0648\u0643\u0633\u060c \u062c\u0648\u0632\u0641\u064a\u0646 \u0643\u0627\u0646\u062f\u064a\u062a (\u062c\u0627\u0645\u0639\u0629 \u0644\u0627\u064a\u0628\u0632\u064a\u063a) \u0648\u0627\u0644\u062f\u0643\u062a\u0648\u0631 \u0628\u064a\u0631\u062c\u064a\u062a \u0645\u064a\u0631\u0634\u064a\u0646 (\u062c\u0627\u0645\u0639\u0629 \u0631\u0648\u0631 - \u0628\u0648\u062e\u0648\u0645)<\/p>\n<hr \/>\n<p style=\"text-align: right;\">2020: Dr. Stephanie D\u00f6pper, Irini Biezeveld (both Universit\u00e4t Frankfurt), Mahsa \u00d6zt\u00fcrk, Jannis Werner (both Universit\u00e4t Mainz)<\/p>\n<p style=\"text-align: right;\">2021: Dr. Stephanie D\u00f6pper, Irini Biezeveld, Jonas Kluge, Solveig Vitt\u00e9 (all Universit\u00e4t Frankfurt)<\/p>\n<p style=\"text-align: right;\">2022: Dr. Stephanie D\u00f6pper, Irini Biezeveld, Jonas Kluge (all Universit\u00e4t Frankfurt), Melissa Bilalic (Universit\u00e4t Mainz), Jaber Hamood Ali (Ministry of Heritage and Tourism), Zeyana Al-Harthi<br \/>\nRubel Sadiq Mamoun Mohin<\/p>\n<\/div>\n<\/div><\/div><\/div><div id=\"pgc-7309-0-1\"  class=\"panel-grid-cell\" ><div id=\"panel-7309-0-1-0\" class=\"so-panel widget widget_nav_menu panel-first-child panel-last-child\" data-index=\"1\" ><div class=\"menu-das-lost-cities-projekt-ar-container\"><ul id=\"menu-das-lost-cities-projekt-ar\" class=\"menu\"><li id=\"menu-item-7337\" class=\"ar menu-item menu-item-type-post_type menu-item-object-page menu-item-has-children menu-item-7337\"><a href=\"https:\/\/www.archaeoman.de\/ar\/das-lost-cities-projekt\/\">\u0645\u0634\u0631\u0648\u0639 \u0627\u0644\u0645\u062f\u0646 \u0627\u0644\u0645\u0647\u062c\u0648\u0631\u0629 \u0627\u0644\u0628\u062d\u062b<\/a>\n<ul class=\"sub-menu\">\n\t<li id=\"menu-item-7341\" class=\"menu-item menu-item-type-post_type menu-item-object-page menu-item-7341\"><a href=\"https:\/\/www.archaeoman.de\/ar\/das-lost-cities-projekt\/publikationen\/\">\u0627\u0644\u0625\u0635\u062f\u0627\u0631\u0627\u062a<\/a><\/li>\n\t<li id=\"menu-item-7340\" class=\"menu-item menu-item-type-post_type menu-item-object-page menu-item-7340\"><a href=\"https:\/\/www.archaeoman.de\/ar\/das-lost-cities-projekt\/qualifikationsarbeiten\/\">\u0644\u0645\u0624\u0647\u0644\u0627\u062a \u0627\u0644\u0639\u0644\u0645\u064a\u0629<\/a><\/li>\n\t<li id=\"menu-item-7339\" class=\"menu-item menu-item-type-post_type menu-item-object-page menu-item-7339\"><a href=\"https:\/\/www.archaeoman.de\/ar\/das-lost-cities-projekt\/mitarbeiter-und-kooperationspartner\/\">\u0645\u0648\u0638\u0641 \u0648\u0645\u0646\u0633\u0642 \u0627\u0644\u062a\u0639\u0627\u0648\u0646<\/a><\/li>\n\t<li id=\"menu-item-7338\" class=\"menu-item menu-item-type-post_type menu-item-object-page menu-item-7338\"><a href=\"https:\/\/www.archaeoman.de\/ar\/das-lost-cities-projekt\/foerderung\/\">\u0644\u062a\u0645\u0648\u064a\u0644<\/a><\/li>\n<\/ul>\n<\/li>\n<\/ul><\/div><\/div><\/div><\/div><\/div>","protected":false},"excerpt":{"rendered":"<p>\u0623\u0639\u0636\u0627\u0621 \u0627\u0644\u0641\u0631\u064a\u0642: \u0627\u0644\u0641\u0631\u064a\u0642: \u062f.\u0634\u062a\u064a\u0641\u0627\u0646\u064a \u062f\u0648\u0628\u064a\u0631\u060c \u0625\u064a\u0631\u064a\u0646\u064a \u0628\u064a\u0632\u0641\u064a\u0644\u062f (\u062c\u0627\u0645\u0639\u0629 \u063a\u0648\u062a\u0647 -\u0641\u0631\u0627\u0646\u0643\u0641\u0648\u0631\u062a) \u060c \u062f. \u062a\u0648\u0645\u0627\u0633 \u0634\u0645\u064a\u062f\u062a \u0644\u0648\u0643\u0633\u060c \u062c\u0648\u0632\u0641\u064a\u0646 \u0643\u0627\u0646\u062f\u064a\u062a (\u062c\u0627\u0645\u0639\u0629 \u0644\u0627\u064a\u0628\u0632\u064a\u063a) \u0648\u0627\u0644\u062f\u0643\u062a\u0648\u0631 \u0628\u064a\u0631\u062c\u064a\u062a \u0645\u064a\u0631\u0634\u064a\u0646 (\u062c\u0627\u0645\u0639\u0629 \u0631\u0648\u0631 &#8211; \u0628\u0648\u062e\u0648\u0645) 2020: Dr. Stephanie D\u00f6pper, Irini Biezeveld (both Universit\u00e4t Frankfurt), Mahsa \u00d6zt\u00fcrk, Jannis Werner (both Universit\u00e4t Mainz) 2021: Dr. Stephanie D\u00f6pper, Irini Biezeveld, Jonas Kluge, Solveig Vitt\u00e9 (all Universit\u00e4t Frankfurt) &#8230; <a title=\"Mitarbeiter und Kooperationspartner &#8211; \u0645\u0648\u0638\u0641 \u0648\u0645\u0646\u0633\u0642 \u0627\u0644\u062a\u0639\u0627\u0648\u0646\" class=\"read-more\" href=\"https:\/\/www.archaeoman.de\/ar\/das-lost-cities-projekt\/mitarbeiter-und-kooperationspartner\/\" aria-label=\"Read more about Mitarbeiter und Kooperationspartner &#8211; \u0645\u0648\u0638\u0641 \u0648\u0645\u0646\u0633\u0642 \u0627\u0644\u062a\u0639\u0627\u0648\u0646\">Weiterlesen &#8230;<\/a><\/p>\n","protected":false},"author":1,"featured_media":0,"parent":7194,"menu_order":0,"comment_status":"closed","ping_status":"closed","template":"","meta":{"generate_page_header":"","footnotes":""},"class_list":["post-7309","page","type-page","status-publish"],"_links":{"self":[{"href":"https:\/\/www.archaeoman.de\/ar\/wp-json\/wp\/v2\/pages\/7309","targetHints":{"allow":["GET"]}}],"collection":[{"href":"https:\/\/www.archaeoman.de\/ar\/wp-json\/wp\/v2\/pages"}],"about":[{"href":"https:\/\/www.archaeoman.de\/ar\/wp-json\/wp\/v2\/types\/page"}],"author":[{"embeddable":true,"href":"https:\/\/www.archaeoman.de\/ar\/wp-json\/wp\/v2\/users\/1"}],"replies":[{"embeddable":true,"href":"https:\/\/www.archaeoman.de\/ar\/wp-json\/wp\/v2\/comments?post=7309"}],"version-history":[{"count":3,"href":"https:\/\/www.archaeoman.de\/ar\/wp-json\/wp\/v2\/pages\/7309\/revisions"}],"predecessor-version":[{"id":9632,"href":"https:\/\/www.archaeoman.de\/ar\/wp-json\/wp\/v2\/pages\/7309\/revisions\/9632"}],"up":[{"embeddable":true,"href":"https:\/\/www.archaeoman.de\/ar\/wp-json\/wp\/v2\/pages\/7194"}],"wp:attachment":[{"href":"https:\/\/www.archaeoman.de\/ar\/wp-json\/wp\/v2\/media?parent=7309"}],"curies":[{"name":"wp","href":"https:\/\/api.w.org\/{rel}","templated":true}]}}