{"id":7673,"date":"2020-11-09T20:43:29","date_gmt":"2020-11-09T19:43:29","guid":{"rendered":"https:\/\/www.archaeoman.de\/?page_id=7673"},"modified":"2025-10-02T15:39:19","modified_gmt":"2025-10-02T13:39:19","slug":"publikationen","status":"publish","type":"page","link":"https:\/\/www.archaeoman.de\/ar\/umweltwandel\/publikationen\/","title":{"rendered":"\u0627\u0644\u0625\u0635\u062f\u0627\u0631\u0627\u062a"},"content":{"rendered":"<div id=\"pl-7673\"  class=\"panel-layout panel-is-rtl\" ><div id=\"pg-7673-0\"  class=\"panel-grid panel-no-style\" ><div id=\"pgc-7673-0-0\"  class=\"panel-grid-cell\" ><div id=\"panel-7673-0-0-0\" class=\"so-panel widget widget_sow-editor panel-first-child panel-last-child\" data-index=\"0\" ><div\n\t\t\t\n\t\t\tclass=\"so-widget-sow-editor so-widget-sow-editor-base\"\n\t\t\t\n\t\t>\n<div class=\"siteorigin-widget-tinymce textwidget\">\n\t<p style=\"text-align: right;\"><strong>\u0627\u0644\u0645\u0646\u0634\u0648\u0631\u0627\u062a<\/strong><\/p>\n<ul>\n<li style=\"text-align: right;\">Unkelbach, J. \u2013 Behling, H. \u2013 Schmidt, C. (2025), <a href=\"https:\/\/doi.org\/10.1016\/j.palaeo.2025.113091\" target=\"_blank\" rel=\"noopener\">Reconstruction of vegetation, climate, fire and human activity at an Iron Age oasis site in Lizq, northern Central Oman, beginning in 400\u202fcal\u202fyr\u202fBCE<\/a>, <em>Palaeogeography, Palaeoclimatology, Palaeoecology<\/em>, 113091.<\/li>\n<li style=\"text-align: right;\">Schmitt, K. E. \u2013 Proctor, L. \u2013 Beuzen-Waller, T. \u2013 Schmidt, C. \u2013 Lindauer, S. \u2013 Jean, M. \u2013 Maiorano, M. P. \u2013 Sauvage, M. \u2013 Swerida, J. \u2013 Pietsch, D. \u2013 Sch\u00f6ne, B. R. (2025), <a href=\"https:\/\/doi.org\/10.1038\/s41598-025-98131-8\" target=\"_blank\" rel=\"noopener\">Unlocking the potential of the terrestrial gastropod species Zootecus insularis as a climate archive for arid regions<\/a>, <em>Scientific Reports <\/em>15, 13754.<\/li>\n<li style=\"text-align: right;\">Schmidt, C. \u2013 Beuzen-Waller, T. \u2013 Pietsch, D. \u2013 Proctor, L. \u2013 Schmitt, KE. \u2013 Sch\u00f6ne, BR. \u2013 Unkelbach, J. \u2013 Reinhardt, A. \u2013 Lindauer, S. (2025), <a href=\"https:\/\/doi.org\/10.5334\/oq.153\" target=\"_blank\" rel=\"noopener\">A Multi-Proxy Investigation of the Anthropogenic Landscape Near the Early Bronze Age Building VII at Al-Khashbah, Oman<\/a>, <em>Open Quaternary<\/em>, 11.1: 1\u201324.<\/li>\n<li style=\"text-align: right;\">Maiorano M.P. \u2013 Proctor, L. \u2013 Beuzen-Waller, T. \u2013 Maini, E. \u2013 Moreau, J. \u2013 D\u00f6pper, S. (2025), <a href=\"https:\/\/doi.org\/10.15184\/aqy.2024.237\" target=\"_blank\" rel=\"noopener\">Exploring Neolithic resilience and mobility in the Omani interior at Al-Khashbah KHS-A<\/a>, <em>Antiquity, Project Gallery<\/em>: 1\u20138.<\/li>\n<li style=\"text-align: right;\">Schmitt, K. E. \u2013 Beuzen-Waller, T. \u2013 Schmidt, C. \u2013 Proctor, L. \u2013 Lindauer, S. \u2013 Gey, C. J. \u2013 Pietsch, D. \u2013 Sch\u00f6ne, B. R. (2024), <a href=\"https:\/\/doi.org\/10.1016\/j.palaeo.2024.112542\" target=\"_blank\" rel=\"noopener\"><em>Melanoides tuberculata<\/em> and <em>Zootecus insularis<\/em> gastropod shells provide a snapshot into past hydroclimatic conditions of arid environments: New perspectives from Oman<\/a>, <em>Palaeogeography, Palaeoclimatology, Palaeoecology<\/em>, 112542.<\/li>\n<li style=\"text-align: right;\">Beuzen-Waller, T. \u2013 Lindauer, S. \u2013 Pietsch, D. \u2013 Proctor, L. \u2013 Schmidt, C. \u2013 Schmitt, K. E. \u2013 Unkelbach, J. (Hrsg., 2024-2025), <a href=\"https:\/\/openquaternary.com\/collections\/Human-Environment-Interactions\" target=\"_blank\" rel=\"noopener\"><em>Proceedings of the International Conference Human-Environment Interactions in Ancient Arabia (HEIAA), 6\u20138 November 2023, T\u00fcbingen, Germany <\/em>(Special Collection, <em>Open Quaternary<\/em> 10-11)<\/a>.<\/li>\n<li style=\"text-align: right;\">Unkelbach, J. \u2013 Reinhardt, A. L. (2024), Atlas of the Oman pollen flora \u2013 <a href=\"https:\/\/doi.org\/10.1016\/j.revpalbo.2024.105204\" target=\"_blank\" rel=\"noopener\">Pollen morphology of the arid Arabian Peninsula vegetation<\/a>, <em>Review of Palaeobotany and Palynology<\/em> 331, 105204.<em><br \/>\n<\/em><\/li>\n<li style=\"text-align: right;\">Proctor, L. \u2013 D\u00f6pper, S. \u2013 Schmidt, C. (2024), <a href=\"http:\/\/archaeopresspublishing.com\/ojs\/index.php\/PSAS\/article\/view\/2253\" target=\"_blank\" rel=\"noopener\">Hafit period fuelwood preferences associated with early copper production at Building V, al-Khashbah, Oman<\/a>, <i>Proceedings of the Seminar for Arabian Studies<\/i> 53, 230\u2013247.<\/li>\n<li style=\"text-align: right;\">Loges, L. \u2013 Schmidt, C. \u2013 Beuzen-Waller, T. \u2013 Schmitt, K. E. \u2013 Unkelbach, J. \u2013 Reinhardt, A. \u2013 Proctor, L. (2024), Leben mit dem Verschwinden des Wassers \u2013 Wie Menschen in der Bronzezeit mit Umweltver\u00e4nderungen umgingen, <em>Antike Welt<\/em> 2\/24: 46\u201355.<\/li>\n<li style=\"text-align: right;\">Schmidt, C. (2023), Umweltver\u00e4nderungen im Zentraloman in der fr\u00fchen Bronzezeit und ihre Auswirkungen auf den Menschen, <em>Alter Orient aktuell<\/em> 20 \u2013 2023: 26\u201331.<\/li>\n<li style=\"text-align: right;\">Schmitt, K. E. \u2013 Fink, L. J. \u2013 Jantschke, A. \u2013 Vigelius, D. \u2013 Sch\u00f6ne, B. R. (2024), <a href=\"https:\/\/doi.org\/10.1002\/rcm.9842\" target=\"_blank\" rel=\"noopener\">Isotopic and mineralogic bias introduced by pulverization of aragonite<\/a>, <em>Rapid Communications in Mass Spectrometry<\/em>, 38(17):e9842.<\/li>\n<li style=\"text-align: right;\">Schmitt, K. E. \u2013 Schmidt, C. \u2013 Sch\u00f6ne, B. R. \u2013 Lindauer, S. (2023), <a href=\"https:\/\/doi.org\/10.46586\/metalla.v.2023.i12\" target=\"_blank\" rel=\"noopener\">Terrestrische und aquatische Schnecken aus dem Sultanat Oman: Isotopengeochemisch untersucht!<\/a>, <em>Metalla<\/em> 2023 Sonderheft 12: 36-38.<\/li>\n<li style=\"text-align: right;\">Schmitt, K. E. \u2013 Walliser, E. O. \u2013 Sch\u00f6ne, B. R. \u2013 Gey, C. J. \u2013 Schmidt, C. (2022), <a href=\"https:\/\/doi.org\/10.1016\/j.jasrep.2022.103620\" target=\"_blank\" rel=\"noopener\">Environmental reconstructions based on aquatic and terrestrial snails originating from the Early Bronze Age and the Late Islamic Period \u2013 A stable isotope case study from the Al-Khashbah archaeological Site, Sultanate of Oman<\/a>, <em>Journal of Archaeological Science: Reports<\/em> 45, 103620.<\/li>\n<li style=\"text-align: right;\">Hahn, R. (2022), UmWeltWandel: Reconstructing Bronze Age landscapes and the paleoenvironment in Central Oman through a new interdisciplinary project, <em>The IASA Bulletin <\/em>28, 14\u201316.<\/li>\n<\/ul>\n<hr \/>\n<p style=\"text-align: right;\"><strong>\u0645\u064e\u062e\u064e\u0627\u0632\u0650\u0646<\/strong><\/p>\n<ul>\n<li style=\"text-align: right;\">Beuzen-Waller, T., Pietsch, D., Proctor, L., Schmidt, C., Schmitt, K. E., Schl\u00fctz, F., &amp; Reinhardt, A. (2025). Field Photos 2021-2024. University of T\u00fcbingen. <a href=\"https:\/\/doi.org\/10.57754\/FDAT.40g73-78z16\" target=\"_blank\" rel=\"noopener\">https:\/\/doi.org\/10.57754\/FDAT.40g73-78z16<\/a><\/li>\n<li style=\"text-align: right;\">Schmitt, K. E., &amp; Schmidt, C. (2025). XRF in Areas B and H [Data set]. University of T\u00fcbingen. <a href=\"https:\/\/doi.org\/10.57754\/FDAT.hkykb-b4t70\" target=\"_blank\" rel=\"noopener\">https:\/\/doi.org\/10.57754\/FDAT.hkykb-b4t70<\/a><\/li>\n<li style=\"text-align: right;\">Schmitt, K. (2024). Supplementary data. <a href=\"https:\/\/doi.org\/10.5281\/zenodo.13930798\" target=\"_blank\" rel=\"noopener\">https:\/\/doi.org\/10.5281\/zenodo.13930798<\/a><\/li>\n<\/ul>\n<hr \/>\n<p dir=\"ltr\" style=\"text-align: right;\"><strong>\u0641\u064a \u0627\u0644\u0623\u062e\u0628\u0627\u0631<\/strong><\/p>\n<ul dir=\"ltr\">\n<li style=\"text-align: right;\">\n<ul>\n<li>\n<ul>\n<li>\u201e<a href=\"https:\/\/www.thenationalnews.com\/news\/gulf\/2025\/06\/06\/how-snail-shells-are-shedding-light-on-the-gulfs-nomadic-traditions-and-fishing-heritage\/\" target=\"_blank\" rel=\"noopener\">How snail shells are shedding light on the Gulf's nomadic traditions and fishing heritage<\/a>\u201c, The National, 06.06.2025<\/li>\n<li>\u201e<a href=\"https:\/\/youtu.be\/4ZLUMtdIhGM\" target=\"_blank\" rel=\"noopener\">Exhibition of Archaeological Findings in Wilaya of Al Mudhaibi<\/a>\u201c, Oman News Center, 01.03.2023<\/li>\n<\/ul>\n<\/li>\n<\/ul>\n<p><iframe loading=\"lazy\" title=\"Exhibition of Archaeological Findings in Wilaya of Al Mudhaibi\" src=\"https:\/\/www.youtube.com\/embed\/4ZLUMtdIhGM\" width=\"1280\" height=\"720\" frameborder=\"0\" allowfullscreen=\"allowfullscreen\"><\/iframe><\/p>\n<ul>\n<li>\n<ul>\n<li>\u201e<a href=\"https:\/\/timesofoman.com\/article\/127412-exhibition-of-archaeological-artefacts-to-begin-today\" target=\"_blank\" rel=\"noopener\">Exhibition of archaeological artefacts to begin today<\/a>\u201c, Times of Oman, 26.02.2023<\/li>\n<\/ul>\n<\/li>\n<\/ul>\n<p><iframe loading=\"lazy\" title=\"Exhibition of archaeological artefacts to begin today\" src=\"https:\/\/www.youtube.com\/embed\/3UwVxn873p8\" width=\"1280\" height=\"739\" frameborder=\"0\" allowfullscreen=\"allowfullscreen\"><\/iframe><\/p>\n<ul>\n<li>\u201e<a href=\"https:\/\/arabiandaily.com\/exhibition-of-archaeological-finds-in-omans-al-mudhaibi-kicks-off-tomorrow\" target=\"_blank\" rel=\"noopener\">Exhibition of archaeological finds in Oman\u2019s Al-Mudhaibi Kicks off Tomorrow<\/a>\u201c, Arabian Daily, 25.02.2023<\/li>\n<li>\u201e<a href=\"https:\/\/www.thearabianstories.com\/2023\/02\/25\/archaeological-exhibition-begins-tomorrow-in-al-mudhaibi\" target=\"_blank\" rel=\"noopener\">Archaeological exhibition begins tomorrow in Al-Mudhaibi<\/a>\u201c, The Arabian Stories, 25.02.2023<\/li>\n<li>\"<a href=\"https:\/\/deutschoman.de\/fileadmin\/deutsch_omanische_gesellschaft\/PDFs\/Newsletter\/DOG-NL-Juli_2020_print.pdf\" target=\"_blank\" rel=\"noopener\">Arch\u00e4ologische Forschungen in der Wilayat al-Mudhaybi<\/a>\", Newsletter Deutsch-Omanische Gesellschaft, 07.2020<\/li>\n<li>\u201e<a href=\"https:\/\/m.timesofoman.com\/article\/127389-exhibition-of-archaeological-artefacts-to-begin-on-sunday\" target=\"_blank\" rel=\"noopener\">Exhibition of archaeological artefacts to begin on Sunday<\/a>\u201c, Times of Oman, 25.02.2023<\/li>\n<\/ul>\n<p>\"<a href=\"https:\/\/uni-tuebingen.de\/universitaet\/aktuelles-und-publikationen\/attempto-online\/newsfullview-attempto\/article\/neues-verbundprojekt-erforscht-den-umweltwandel-im-sultanat-oman-vor-5000-jahren\/\">Neues Verbundprojekt erforscht den Umweltwandel im Sultanat Oman vor 5000 Jahren<\/a>\", Universit\u00e4t T\u00fcbingen, attempto online Forschung, 26\/10\/2020<\/p>\n<\/li>\n<li style=\"text-align: right;\">\"<a href=\"https:\/\/uni-tuebingen.de\/fakultaeten\/philosophische-fakultaet\/fakultaet\/aktuelles\/newsfullview-aktuelles\/article\/neues-verbundprojekt-erforscht-den-umweltwandel-im-sultanat-oman-vor-5000-jahren-1\/\">Neues Verbundprojekt erforscht den Umweltwandel im Sultanat Oman vor 5000 Jahren<\/a>\", Universit\u00e4t T\u00fcbingen, Philosophische Fakult\u00e4t, 30\/10\/2020<\/li>\n<li style=\"text-align: right;\">\"<a href=\"https:\/\/www.geistes-und-sozialwissenschaften-bmbf.de\/de\/Kleine-Facher-1709.html\">Kleine F\u00e4cher<\/a>\", BMBF, Rahmenprogramm Geistes- und Sozialwissenschaften, 04\/11\/2020<\/li>\n<li style=\"text-align: right;\">\"<a href=\"https:\/\/www.swr.de\/swraktuell\/baden-wuerttemberg\/tuebingen\/archaeologen-bekommen-vom-bund-eineinhalb-millionen-100.html\">Arch\u00e4ologen bekommen vom Bund 1,5 Millionen<\/a>\", SWR Aktuell, 17\/12\/2020<\/li>\n<li style=\"text-align: right;\">\"<a href=\"https:\/\/www.cdu-landesgruppe-hessen.de\/aktuelles\/wiesmann-und-quot-in-die-vergangenheit-blicken-in-die-zukunft-investie\/\">Wiesmann: 'In die Vergangenheit blicken, in die Zukunft investieren: Bund unterst\u00fctzt Teilprojekt zur Erforschung des Mensch-Umwelt-Verh\u00e4ltnisses an der Frankfurter Goethe-Universit\u00e4t'<\/a>\", CDU, Landesgruppe Hessen, 04\/01\/2021<\/li>\n<li style=\"text-align: right;\">\"<a href=\"https:\/\/www.tagblatt.de\/Nachrichten\/Mensch-und-Umwelt-in-der-Bronzezeit-484913.html\">Mensch und Umwelt in der Bronzezeit<\/a>\", Schw\u00e4bisches Tagblatt, 04\/01\/2021<\/li>\n<li style=\"text-align: right;\">\"<a href=\"https:\/\/www.geistes-und-sozialwissenschaften-bmbf.de\/en\/An-interview-with-the-research-team-from-project-UmWeltWandel-Exploring-the-past-to-learn-2182.html\">An interview with the research team from project \u201cUmWeltWandel\u201d: Exploring the past to learn for the future<\/a>\", Federal Ministry of Education and Research (BMBF), Framework Programme Humanities and Social Sciences, News, 17.03.2021<\/li>\n<li style=\"text-align: right;\">\"<a href=\"https:\/\/uni-tuebingen.de\/securedl\/sdl-eyJ0eXAiOiJKV1QiLCJhbGciOiJIUzI1NiJ9.eyJpYXQiOjE2MjkzNjg1NjYsImV4cCI6MTYyOTQ1ODU2MSwidXNlciI6MCwiZ3JvdXBzIjpbMCwtMV0sImZpbGUiOiJmaWxlYWRtaW5cL1VuaV9UdWViaW5nZW5cL0FsbGdlbWVpblwvRG9rdW1lbnRlXC9KYWhyZXNiZXJpY2h0ZVwvSkJfMjAyMF9kZXV0c2NoX3dlYi5wZGYiLCJwYWdlIjo2OH0.wleW1Z33aF9rcg5J1fYAJhwka-PzK9Aj7MFU8jU7nbE\/JB_2020_deutsch_web.pdf\">Umweltwandel im Sultanat Oman vor 5000 Jahren<\/a>\", Universit\u00e4t T\u00fcbingen, Jahresbericht 2020, S. 29, 19.08.2021<\/li>\n<\/ul>\n<\/div>\n<\/div><\/div><\/div><div id=\"pgc-7673-0-1\"  class=\"panel-grid-cell\" ><div id=\"panel-7673-0-1-0\" class=\"so-panel widget widget_nav_menu panel-first-child panel-last-child\" data-index=\"1\" ><div class=\"menu-umweltwandel-ar-container\"><ul id=\"menu-umweltwandel-ar\" class=\"menu\"><li id=\"menu-item-7736\" class=\"ar menu-item menu-item-type-post_type menu-item-object-page menu-item-has-children menu-item-7736\"><a href=\"https:\/\/www.archaeoman.de\/ar\/umweltwandel\/\">UmWeltWandel \u0645\u0634\u0631\u0648\u0639 \u0627\u0644\u0628\u062d\u062b<\/a>\n<ul class=\"sub-menu\">\n\t<li id=\"menu-item-7747\" class=\"menu-item menu-item-type-post_type menu-item-object-page menu-item-7747\"><a href=\"https:\/\/www.archaeoman.de\/ar\/umweltwandel\/publikationen\/\">\u0627\u0644\u0625\u0635\u062f\u0627\u0631\u0627\u062a<\/a><\/li>\n\t<li id=\"menu-item-7746\" class=\"menu-item menu-item-type-post_type menu-item-object-page menu-item-7746\"><a href=\"https:\/\/www.archaeoman.de\/ar\/umweltwandel\/team-members-and-partners\/\">\u0627\u0644\u0634\u0631\u0643\u0627\u0621 \u0627\u0644\u0645\u0633\u0627\u0647\u0645\u064a\u0646 \u0648 \u0645\u0648\u0638\u0641<\/a><\/li>\n\t<li id=\"menu-item-7745\" class=\"menu-item menu-item-type-post_type menu-item-object-page menu-item-7745\"><a href=\"https:\/\/www.archaeoman.de\/ar\/umweltwandel\/foerderung\/\">\u0644\u062a\u0645\u0648\u064a\u0644<\/a><\/li>\n<\/ul>\n<\/li>\n<\/ul><\/div><\/div><\/div><\/div><\/div>","protected":false},"excerpt":{"rendered":"<p>\u0627\u0644\u0645\u0646\u0634\u0648\u0631\u0627\u062a Unkelbach, J. \u2013 Behling, H. \u2013 Schmidt, C. (2025), Reconstruction of vegetation, climate, fire and human activity at an Iron Age oasis site in Lizq, northern Central Oman, beginning in 400\u202fcal\u202fyr\u202fBCE, Palaeogeography, Palaeoclimatology, Palaeoecology, 113091. Schmitt, K. E. \u2013 Proctor, L. \u2013 Beuzen-Waller, T. \u2013 Schmidt, C. \u2013 Lindauer, S. \u2013 Jean, M. \u2013 &#8230; <a title=\"\u0627\u0644\u0625\u0635\u062f\u0627\u0631\u0627\u062a\" class=\"read-more\" href=\"https:\/\/www.archaeoman.de\/ar\/umweltwandel\/publikationen\/\" aria-label=\"Read more about \u0627\u0644\u0625\u0635\u062f\u0627\u0631\u0627\u062a\">Weiterlesen &#8230;<\/a><\/p>\n","protected":false},"author":1,"featured_media":0,"parent":7664,"menu_order":0,"comment_status":"closed","ping_status":"closed","template":"","meta":{"generate_page_header":"","footnotes":""},"class_list":["post-7673","page","type-page","status-publish"],"_links":{"self":[{"href":"https:\/\/www.archaeoman.de\/ar\/wp-json\/wp\/v2\/pages\/7673","targetHints":{"allow":["GET"]}}],"collection":[{"href":"https:\/\/www.archaeoman.de\/ar\/wp-json\/wp\/v2\/pages"}],"about":[{"href":"https:\/\/www.archaeoman.de\/ar\/wp-json\/wp\/v2\/types\/page"}],"author":[{"embeddable":true,"href":"https:\/\/www.archaeoman.de\/ar\/wp-json\/wp\/v2\/users\/1"}],"replies":[{"embeddable":true,"href":"https:\/\/www.archaeoman.de\/ar\/wp-json\/wp\/v2\/comments?post=7673"}],"version-history":[{"count":33,"href":"https:\/\/www.archaeoman.de\/ar\/wp-json\/wp\/v2\/pages\/7673\/revisions"}],"predecessor-version":[{"id":10003,"href":"https:\/\/www.archaeoman.de\/ar\/wp-json\/wp\/v2\/pages\/7673\/revisions\/10003"}],"up":[{"embeddable":true,"href":"https:\/\/www.archaeoman.de\/ar\/wp-json\/wp\/v2\/pages\/7664"}],"wp:attachment":[{"href":"https:\/\/www.archaeoman.de\/ar\/wp-json\/wp\/v2\/media?parent=7673"}],"curies":[{"name":"wp","href":"https:\/\/api.w.org\/{rel}","templated":true}]}}