{"id":1111,"date":"2017-07-04T12:04:49","date_gmt":"2017-07-04T10:04:49","guid":{"rendered":"https:\/\/www.archaeoman.de\/der-fundort-bat\/mitarbeiter-und-kooperationspartner\/"},"modified":"2017-10-18T12:25:29","modified_gmt":"2017-10-18T10:25:29","slug":"mitarbeiter-und-kooperationspartner","status":"publish","type":"page","link":"https:\/\/www.archaeoman.de\/en\/der-fundort-bat\/mitarbeiter-und-kooperationspartner\/","title":{"rendered":"Team Members and Partners"},"content":{"rendered":"<div id=\"pl-1111\"  class=\"panel-layout\" ><div id=\"pg-1111-0\"  class=\"panel-grid panel-no-style\" ><div id=\"pgc-1111-0-0\"  class=\"panel-grid-cell\" ><div id=\"panel-1111-0-0-0\" class=\"so-panel widget widget_nav_menu panel-first-child panel-last-child\" data-index=\"0\" ><div class=\"menu-the-site-of-bat-container\"><ul id=\"menu-the-site-of-bat\" class=\"menu\"><li id=\"menu-item-1125\" class=\"menu-item menu-item-type-post_type menu-item-object-page menu-item-has-children menu-item-1125\"><a href=\"https:\/\/www.archaeoman.de\/en\/der-fundort-bat\/\">The Site of Bat<\/a>\n<ul class=\"sub-menu\">\n\t<li id=\"menu-item-1129\" class=\"menu-item menu-item-type-post_type menu-item-object-page menu-item-1129\"><a href=\"https:\/\/www.archaeoman.de\/en\/der-fundort-bat\/publikationen\/\">Publications<\/a><\/li>\n\t<li id=\"menu-item-1128\" class=\"menu-item menu-item-type-post_type menu-item-object-page menu-item-1128\"><a href=\"https:\/\/www.archaeoman.de\/en\/der-fundort-bat\/qualifikationsarbeiten\/\">Theses<\/a><\/li>\n\t<li id=\"menu-item-1127\" class=\"menu-item menu-item-type-post_type menu-item-object-page menu-item-1127\"><a href=\"https:\/\/www.archaeoman.de\/en\/der-fundort-bat\/mitarbeiter-und-kooperationspartner\/\">Team Members and Partners<\/a><\/li>\n\t<li id=\"menu-item-1126\" class=\"menu-item menu-item-type-post_type menu-item-object-page menu-item-1126\"><a href=\"https:\/\/www.archaeoman.de\/en\/der-fundort-bat\/foerderung\/\">Financial Support<\/a><\/li>\n<\/ul>\n<\/li>\n<\/ul><\/div><\/div><\/div><div id=\"pgc-1111-0-1\"  class=\"panel-grid-cell\" ><div id=\"panel-1111-0-1-0\" class=\"so-panel widget widget_sow-editor panel-first-child panel-last-child\" data-index=\"1\" ><div\n\t\t\t\n\t\t\tclass=\"so-widget-sow-editor so-widget-sow-editor-base\"\n\t\t\t\n\t\t>\n<div class=\"siteorigin-widget-tinymce textwidget\">\n\t<p><strong>Team Members<\/strong><\/p>\n<p>2010: Dr. Conrad Schmidt, Stephanie D\u00f6pper, Teresa Losert (all University of T\u00fcbingen), Jan-Philipp Dasbach (FH Mainz), Birte Todt (TU M\u00fcnchen).<\/p>\n<p><img loading=\"lazy\" decoding=\"async\" class=\"aligncenter wp-image-3081\" src=\"https:\/\/www.archaeoman.de\/wp-content\/uploads\/2017\/07\/GF00895_750.jpg\" alt=\"\" width=\"500\" height=\"335\" srcset=\"https:\/\/www.archaeoman.de\/wp-content\/uploads\/2017\/07\/GF00895_750.jpg 750w, https:\/\/www.archaeoman.de\/wp-content\/uploads\/2017\/07\/GF00895_750-300x201.jpg 300w, https:\/\/www.archaeoman.de\/wp-content\/uploads\/2017\/07\/GF00895_750-272x182.jpg 272w\" sizes=\"auto, (max-width: 500px) 100vw, 500px\" \/><\/p>\n<p>2011: Dr. Conrad Schmidt, Stephanie D\u00f6pper, Teresa Losert (all University of T\u00fcbingen), Rebecca Gilmore (Durham University)<\/p>\n<p>2012: Dr. Conrad Schmidt, Stephanie D\u00f6pper, Teresa Losert, Caroline Must (all University of T\u00fcbingen) Thora Gerstner (Kunsthochschule Stuttgart), Christoph Weiss (FH Mainz), Samia Suleayem Ali al-Shaqsi, Asma Rashid Saif al-Jassasi (both Bat)<\/p>\n<p>2013: Dr. Conrad Schmidt, Stephanie D\u00f6pper, Teresa Losert, Alexandra Gath, Jonas Kluge, Angelina Schmidle, Mona Walter (all University of T\u00fcbingen), Alexander Khounani (University of Freiburg)<\/p>\n<p><img loading=\"lazy\" decoding=\"async\" class=\"aligncenter wp-image-3460\" src=\"https:\/\/www.archaeoman.de\/wp-content\/uploads\/2017\/07\/GF08670-1-300x199.jpg\" alt=\"\" width=\"500\" height=\"331\" srcset=\"https:\/\/www.archaeoman.de\/wp-content\/uploads\/2017\/07\/GF08670-1-300x199.jpg 300w, https:\/\/www.archaeoman.de\/wp-content\/uploads\/2017\/07\/GF08670-1.jpg 750w\" sizes=\"auto, (max-width: 500px) 100vw, 500px\" \/><\/p>\n<p>2014: Dr. Conrad Schmidt, Stephanie D\u00f6pper, Julian Asprion, Chiara Girotto, Andreas Kelberer, Jonas Kluge, Mona Walter, Steve Z\u00e4uner (all University of T\u00fcbingen), Prof. Dr.-Ing. Heinz Runne, Paul Banse, Philippe Kluge (all University of Applied Sciences Anhalt), Stefan Giese, Christian H\u00fcbner (both ggh Solutions in Geosciences GmbH, Freiburg)<\/p>\n<p><img loading=\"lazy\" decoding=\"async\" class=\"aligncenter wp-image-3087\" src=\"https:\/\/www.archaeoman.de\/wp-content\/uploads\/2017\/07\/GF10814_750.jpg\" alt=\"\" width=\"500\" height=\"335\" srcset=\"https:\/\/www.archaeoman.de\/wp-content\/uploads\/2017\/07\/GF10814_750.jpg 750w, https:\/\/www.archaeoman.de\/wp-content\/uploads\/2017\/07\/GF10814_750-300x201.jpg 300w, https:\/\/www.archaeoman.de\/wp-content\/uploads\/2017\/07\/GF10814_750-272x182.jpg 272w\" sizes=\"auto, (max-width: 500px) 100vw, 500px\" \/><\/p>\n<p>2015: Dr. Conrad Schmidt, Stephanie D\u00f6pper, Jenny Bradbury, Lu Gao (all University of T\u00fcbingen)<\/p>\n<hr \/>\n<p><strong>Partners<\/strong><\/p>\n<p>2010\u20132015: Ministry of Heritage &amp; Culture, Sultanat Oman<\/p>\n<p>2010 &amp; 2012: Prof. Dr.-Ing. Frank Boochs, i3 Mainz, FH Mainz<\/p>\n<p>2011\u20132015: Deutsche-Orient-Gesellschaft e.V.<\/p>\n<p>2014: Prof. Dr.-Ing. Heinz Runne, University of Applied Sciences Anhalt<\/p>\n<p>\u00a0<\/p>\n<\/div>\n<\/div><\/div><\/div><\/div><\/div>","protected":false},"excerpt":{"rendered":"<p>Team Members 2010: Dr. Conrad Schmidt, Stephanie D\u00f6pper, Teresa Losert (all University of T\u00fcbingen), Jan-Philipp Dasbach (FH Mainz), Birte Todt (TU M\u00fcnchen). 2011: Dr. Conrad Schmidt, Stephanie D\u00f6pper, Teresa Losert (all University of T\u00fcbingen), Rebecca Gilmore (Durham University) 2012: Dr. Conrad Schmidt, Stephanie D\u00f6pper, Teresa Losert, Caroline Must (all University of T\u00fcbingen) Thora Gerstner (Kunsthochschule &#8230; <a title=\"Team Members and Partners\" class=\"read-more\" href=\"https:\/\/www.archaeoman.de\/en\/der-fundort-bat\/mitarbeiter-und-kooperationspartner\/\" aria-label=\"Read more about Team Members and Partners\">Weiterlesen &#8230;<\/a><\/p>\n","protected":false},"author":1,"featured_media":0,"parent":1099,"menu_order":0,"comment_status":"closed","ping_status":"closed","template":"","meta":{"generate_page_header":"","footnotes":""},"class_list":["post-1111","page","type-page","status-publish"],"_links":{"self":[{"href":"https:\/\/www.archaeoman.de\/en\/wp-json\/wp\/v2\/pages\/1111","targetHints":{"allow":["GET"]}}],"collection":[{"href":"https:\/\/www.archaeoman.de\/en\/wp-json\/wp\/v2\/pages"}],"about":[{"href":"https:\/\/www.archaeoman.de\/en\/wp-json\/wp\/v2\/types\/page"}],"author":[{"embeddable":true,"href":"https:\/\/www.archaeoman.de\/en\/wp-json\/wp\/v2\/users\/1"}],"replies":[{"embeddable":true,"href":"https:\/\/www.archaeoman.de\/en\/wp-json\/wp\/v2\/comments?post=1111"}],"version-history":[{"count":0,"href":"https:\/\/www.archaeoman.de\/en\/wp-json\/wp\/v2\/pages\/1111\/revisions"}],"up":[{"embeddable":true,"href":"https:\/\/www.archaeoman.de\/en\/wp-json\/wp\/v2\/pages\/1099"}],"wp:attachment":[{"href":"https:\/\/www.archaeoman.de\/en\/wp-json\/wp\/v2\/media?parent=1111"}],"curies":[{"name":"wp","href":"https:\/\/api.w.org\/{rel}","templated":true}]}}