{"id":1151,"date":"2017-07-04T12:20:11","date_gmt":"2017-07-04T10:20:11","guid":{"rendered":"https:\/\/www.archaeoman.de\/der-fundort-al-ayn\/publikationen\/"},"modified":"2023-09-27T13:31:13","modified_gmt":"2023-09-27T11:31:13","slug":"publikationen","status":"publish","type":"page","link":"https:\/\/www.archaeoman.de\/en\/der-fundort-al-ayn\/publikationen\/","title":{"rendered":"Publications"},"content":{"rendered":"<div id=\"pl-1151\"  class=\"panel-layout\" ><div id=\"pg-1151-0\"  class=\"panel-grid panel-no-style\" ><div id=\"pgc-1151-0-0\"  class=\"panel-grid-cell\" ><div id=\"panel-1151-0-0-0\" class=\"so-panel widget widget_nav_menu panel-first-child panel-last-child\" data-index=\"0\" ><div class=\"menu-the-site-of-al-ayn-container\"><ul id=\"menu-the-site-of-al-ayn\" class=\"menu\"><li id=\"menu-item-1164\" class=\"menu-item menu-item-type-post_type menu-item-object-page menu-item-has-children menu-item-1164\"><a href=\"https:\/\/www.archaeoman.de\/en\/der-fundort-al-ayn\/\">The Site of Al-Ayn<\/a>\n<ul class=\"sub-menu\">\n\t<li id=\"menu-item-1168\" class=\"menu-item menu-item-type-post_type menu-item-object-page menu-item-1168\"><a href=\"https:\/\/www.archaeoman.de\/en\/der-fundort-al-ayn\/publikationen\/\">Publications<\/a><\/li>\n\t<li id=\"menu-item-1167\" class=\"menu-item menu-item-type-post_type menu-item-object-page menu-item-1167\"><a href=\"https:\/\/www.archaeoman.de\/en\/der-fundort-al-ayn\/qualifikationsarbeiten\/\">Theses<\/a><\/li>\n\t<li id=\"menu-item-1166\" class=\"menu-item menu-item-type-post_type menu-item-object-page menu-item-1166\"><a href=\"https:\/\/www.archaeoman.de\/en\/der-fundort-al-ayn\/mitarbeiter-und-kooperationspartner\/\">Team Members and Partners<\/a><\/li>\n\t<li id=\"menu-item-1165\" class=\"menu-item menu-item-type-post_type menu-item-object-page menu-item-1165\"><a href=\"https:\/\/www.archaeoman.de\/en\/der-fundort-al-ayn\/financial-support\/\">Financial Support<\/a><\/li>\n<\/ul>\n<\/li>\n<\/ul><\/div><\/div><\/div><div id=\"pgc-1151-0-1\"  class=\"panel-grid-cell\" ><div id=\"panel-1151-0-1-0\" class=\"so-panel widget widget_sow-editor panel-first-child panel-last-child\" data-index=\"1\" ><div\n\t\t\t\n\t\t\tclass=\"so-widget-sow-editor so-widget-sow-editor-base\"\n\t\t\t\n\t\t>\n<div class=\"siteorigin-widget-tinymce textwidget\">\n\t<p><strong>Publications<\/strong><\/p>\n<ul>\n<li>D\u00f6pper, S. (2021), <em><a href=\"https:\/\/www.archaeopress.com\/Archaeopress\/Products\/9781789699494\" target=\"_blank\" rel=\"noopener\">Die Gr\u00e4ber von Bat und Al-Ayn und das Geb\u00e4ude II in Bat<\/a>, Arabia Orientalis<\/em> 2, Oxford, Archaeopress.<\/li>\n<li>D\u00f6pper, S. \u2013 Schmidt, C. (2015), <a href=\"https:\/\/www.thebfsa.org\/files\/BFSA_Bulletin_2015_(20)%20(1).pdf\" target=\"_blank\" rel=\"noopener\">Necropoleis of B\u0101t and Al-Ayn<\/a>, <em>Bulletin of the British Foundation for the Study of Arabia<\/em> 20, 20\u201321.<\/li>\n<li>Schmidt, C. \u2013 D\u00f6pper, S. (2014), German Expedition to Bat and Al-Ayn, Sultanate of Oman: The 2010 to 2013 seasons, <em>The Journal of Oman Studies<\/em> 18, 187\u2013230.<\/li>\n<li>D\u00f6pper, S. (2014), On the Reuse of Early Bronze Age Tombs \u2013 the German Excavations at Bat and Al-Ayn, Sultanate of Oman, in: P. Bieli\u0144ski, M. Gawlikowski, R. Koli\u0144ski, D. \u0141awecka, A. So\u0142tysiak, Z. Wygna\u0144ska (eds.), <em>Proceedings of the 8th International Congress on the Archaeology of the Ancient Near East. 30 April \u2013 4 May 2012<\/em>, University of Warsaw, 57\u201369.<\/li>\n<li>D\u00f6pper, S. \u2013 Schmidt, C. (2014), <a href=\"https:\/\/www.orient-gesellschaft.de\/repositorium\/MDOG\/MDOG_146.pdf\" target=\"_blank\" rel=\"noopener\">Bericht \u00fcber die Ausgrabungen 2013 und 2014 in Bat und Al-Ayn, Sultanat Oman<\/a>, <em>Mitteilungen der Deutschen Orient-Gesellschaft<\/em> 146, 55\u201385.<\/li>\n<li>D\u00f6pper, S. \u2013 Schmidt, C. (2013), <a href=\"https:\/\/www.orient-gesellschaft.de\/repositorium\/MDOG\/MDOG_145.pdf\" target=\"_blank\" rel=\"noopener\">Bericht \u00fcber die Ausgrabungen 2011 und 2012 in Bat und Al-Ayn, Sultanat Oman<\/a>, <em>Mitteilungen der Deutschen Orient-Gesellschaft<\/em> 145, 23\u201352.<\/li>\n<li>D\u00f6pper, S. \u2013 Schmidt, C. (2011), <a href=\"https:\/\/www.orient-gesellschaft.de\/repositorium\/MDOG\/MDOG_143.pdf\" target=\"_blank\" rel=\"noopener\">Die Grabt\u00fcrme der Nekropolen von Bat und Al-Ayn im Sultanat Oman. Bericht \u00fcber die Vorkampagne 2010<\/a>, <em>Mitteilungen der Deutschen Orient-Gesellschaft<\/em> 143, 293\u2013321.<\/li>\n<\/ul>\n<hr \/>\n<p><strong>Repository<\/strong><\/p>\n<ul>\n<li>Schmidt, C. \u2013 D\u00f6pper, S. (2020),\u00a0<a href=\"https:\/\/fdat.escience.uni-tuebingen.de\/portal\/#\/project_description\/10900.1%252F7c79db75-bac1-4e96-aaa2-3b74761c26e0\" target=\"_blank\" rel=\"noopener\"><em>Bat, Al-Zebah and Al-Ayn Archaeological Project, University of Tuebingen<\/em><\/a>, Eberhard Karls Universit\u00e4t T\u00fcbingen.<\/li>\n<\/ul>\n<\/div>\n<\/div><\/div><\/div><\/div><\/div>","protected":false},"excerpt":{"rendered":"<p>Publications D\u00f6pper, S. (2021), Die Gr\u00e4ber von Bat und Al-Ayn und das Geb\u00e4ude II in Bat, Arabia Orientalis 2, Oxford, Archaeopress. D\u00f6pper, S. \u2013 Schmidt, C. (2015), Necropoleis of B\u0101t and Al-Ayn, Bulletin of the British Foundation for the Study of Arabia 20, 20\u201321. Schmidt, C. \u2013 D\u00f6pper, S. (2014), German Expedition to Bat and &#8230; <a title=\"Publications\" class=\"read-more\" href=\"https:\/\/www.archaeoman.de\/en\/der-fundort-al-ayn\/publikationen\/\" aria-label=\"Read more about Publications\">Weiterlesen &#8230;<\/a><\/p>\n","protected":false},"author":1,"featured_media":0,"parent":1148,"menu_order":0,"comment_status":"closed","ping_status":"closed","template":"","meta":{"generate_page_header":"","footnotes":""},"class_list":["post-1151","page","type-page","status-publish"],"_links":{"self":[{"href":"https:\/\/www.archaeoman.de\/en\/wp-json\/wp\/v2\/pages\/1151","targetHints":{"allow":["GET"]}}],"collection":[{"href":"https:\/\/www.archaeoman.de\/en\/wp-json\/wp\/v2\/pages"}],"about":[{"href":"https:\/\/www.archaeoman.de\/en\/wp-json\/wp\/v2\/types\/page"}],"author":[{"embeddable":true,"href":"https:\/\/www.archaeoman.de\/en\/wp-json\/wp\/v2\/users\/1"}],"replies":[{"embeddable":true,"href":"https:\/\/www.archaeoman.de\/en\/wp-json\/wp\/v2\/comments?post=1151"}],"version-history":[{"count":3,"href":"https:\/\/www.archaeoman.de\/en\/wp-json\/wp\/v2\/pages\/1151\/revisions"}],"predecessor-version":[{"id":9617,"href":"https:\/\/www.archaeoman.de\/en\/wp-json\/wp\/v2\/pages\/1151\/revisions\/9617"}],"up":[{"embeddable":true,"href":"https:\/\/www.archaeoman.de\/en\/wp-json\/wp\/v2\/pages\/1148"}],"wp:attachment":[{"href":"https:\/\/www.archaeoman.de\/en\/wp-json\/wp\/v2\/media?parent=1151"}],"curies":[{"name":"wp","href":"https:\/\/api.w.org\/{rel}","templated":true}]}}