{"id":1158,"date":"2017-07-04T12:21:59","date_gmt":"2017-07-04T10:21:59","guid":{"rendered":"https:\/\/www.archaeoman.de\/der-fundort-al-ayn\/mitarbeiter-und-kooperationspartner\/"},"modified":"2017-10-18T12:35:40","modified_gmt":"2017-10-18T10:35:40","slug":"mitarbeiter-und-kooperationspartner","status":"publish","type":"page","link":"https:\/\/www.archaeoman.de\/en\/der-fundort-al-ayn\/mitarbeiter-und-kooperationspartner\/","title":{"rendered":"Team Members and Partners"},"content":{"rendered":"<div id=\"pl-1158\"  class=\"panel-layout\" ><div id=\"pg-1158-0\"  class=\"panel-grid panel-no-style\" ><div id=\"pgc-1158-0-0\"  class=\"panel-grid-cell\" ><div id=\"panel-1158-0-0-0\" class=\"so-panel widget widget_nav_menu panel-first-child panel-last-child\" data-index=\"0\" ><div class=\"menu-the-site-of-al-ayn-container\"><ul id=\"menu-the-site-of-al-ayn\" class=\"menu\"><li id=\"menu-item-1164\" class=\"menu-item menu-item-type-post_type menu-item-object-page menu-item-has-children menu-item-1164\"><a href=\"https:\/\/www.archaeoman.de\/en\/der-fundort-al-ayn\/\">The Site of Al-Ayn<\/a>\n<ul class=\"sub-menu\">\n\t<li id=\"menu-item-1168\" class=\"menu-item menu-item-type-post_type menu-item-object-page menu-item-1168\"><a href=\"https:\/\/www.archaeoman.de\/en\/der-fundort-al-ayn\/publikationen\/\">Publications<\/a><\/li>\n\t<li id=\"menu-item-1167\" class=\"menu-item menu-item-type-post_type menu-item-object-page menu-item-1167\"><a href=\"https:\/\/www.archaeoman.de\/en\/der-fundort-al-ayn\/qualifikationsarbeiten\/\">Theses<\/a><\/li>\n\t<li id=\"menu-item-1166\" class=\"menu-item menu-item-type-post_type menu-item-object-page menu-item-1166\"><a href=\"https:\/\/www.archaeoman.de\/en\/der-fundort-al-ayn\/mitarbeiter-und-kooperationspartner\/\">Team Members and Partners<\/a><\/li>\n\t<li id=\"menu-item-1165\" class=\"menu-item menu-item-type-post_type menu-item-object-page menu-item-1165\"><a href=\"https:\/\/www.archaeoman.de\/en\/der-fundort-al-ayn\/financial-support\/\">Financial Support<\/a><\/li>\n<\/ul>\n<\/li>\n<\/ul><\/div><\/div><\/div><div id=\"pgc-1158-0-1\"  class=\"panel-grid-cell\" ><div id=\"panel-1158-0-1-0\" class=\"so-panel widget widget_sow-editor panel-first-child panel-last-child\" data-index=\"1\" ><div\n\t\t\t\n\t\t\tclass=\"so-widget-sow-editor so-widget-sow-editor-base\"\n\t\t\t\n\t\t>\n<div class=\"siteorigin-widget-tinymce textwidget\">\n\t<p><strong>Team Members<br \/><\/strong><\/p>\n<p>2010: Dr. Conrad Schmidt, Stephanie D\u00f6pper und Teresa Losert (all University of T\u00fcbingen); Jan-Philipp Dasbach (FH Mainz); Birte Todt (TU M\u00fcnchen).<\/p>\n<p>2011: Dr. Conrad Schmidt, Stephanie D\u00f6pper und Teresa Losert (all University of T\u00fcbingen)<\/p>\n<p>2014: Dr. Conrad Schmidt (University of T\u00fcbingen); Prof. Dr.-Ing. Heinz Runne, Paul Banse und Philippe Kluge (all University of Applied Sciences Anhalt)<\/p>\n<p><img loading=\"lazy\" decoding=\"async\" class=\"aligncenter size-medium\" src=\"https:\/\/www.archaeoman.de\/wp-content\/uploads\/2017\/08\/IMG_5554_500.jpg\" width=\"500\" height=\"326\" \/><\/p>\n<hr \/>\n<p><strong>Partners<\/strong><\/p>\n<p>2010\u20132014: Ministry of Heritage &amp; Culture, Sultanate Oman<\/p>\n<p>2010: Prof. Dr.-Ing. Frank Boochs, i3 Mainz, University of Applied Sciences Mainz<\/p>\n<p>2011\u20132014: Deutsche-Orient-Gesellschaft e.V.<\/p>\n<p>2014: Prof. Dr.-Ing. Heinz Runne, University of Applied Sciences Anhalt<\/p>\n<p>\u00a0<\/p>\n<\/div>\n<\/div><\/div><\/div><\/div><\/div>","protected":false},"excerpt":{"rendered":"<p>Team Members 2010: Dr. Conrad Schmidt, Stephanie D\u00f6pper und Teresa Losert (all University of T\u00fcbingen); Jan-Philipp Dasbach (FH Mainz); Birte Todt (TU M\u00fcnchen). 2011: Dr. Conrad Schmidt, Stephanie D\u00f6pper und Teresa Losert (all University of T\u00fcbingen) 2014: Dr. Conrad Schmidt (University of T\u00fcbingen); Prof. Dr.-Ing. Heinz Runne, Paul Banse und Philippe Kluge (all University of &#8230; <a title=\"Team Members and Partners\" class=\"read-more\" href=\"https:\/\/www.archaeoman.de\/en\/der-fundort-al-ayn\/mitarbeiter-und-kooperationspartner\/\" aria-label=\"Read more about Team Members and Partners\">Weiterlesen &#8230;<\/a><\/p>\n","protected":false},"author":1,"featured_media":0,"parent":1148,"menu_order":0,"comment_status":"closed","ping_status":"closed","template":"","meta":{"generate_page_header":"","footnotes":""},"class_list":["post-1158","page","type-page","status-publish"],"_links":{"self":[{"href":"https:\/\/www.archaeoman.de\/en\/wp-json\/wp\/v2\/pages\/1158","targetHints":{"allow":["GET"]}}],"collection":[{"href":"https:\/\/www.archaeoman.de\/en\/wp-json\/wp\/v2\/pages"}],"about":[{"href":"https:\/\/www.archaeoman.de\/en\/wp-json\/wp\/v2\/types\/page"}],"author":[{"embeddable":true,"href":"https:\/\/www.archaeoman.de\/en\/wp-json\/wp\/v2\/users\/1"}],"replies":[{"embeddable":true,"href":"https:\/\/www.archaeoman.de\/en\/wp-json\/wp\/v2\/comments?post=1158"}],"version-history":[{"count":0,"href":"https:\/\/www.archaeoman.de\/en\/wp-json\/wp\/v2\/pages\/1158\/revisions"}],"up":[{"embeddable":true,"href":"https:\/\/www.archaeoman.de\/en\/wp-json\/wp\/v2\/pages\/1148"}],"wp:attachment":[{"href":"https:\/\/www.archaeoman.de\/en\/wp-json\/wp\/v2\/media?parent=1158"}],"curies":[{"name":"wp","href":"https:\/\/api.w.org\/{rel}","templated":true}]}}