{"id":1291,"date":"2017-07-04T12:33:25","date_gmt":"2017-07-04T10:33:25","guid":{"rendered":"https:\/\/www.archaeoman.de\/der-fundort-al-zebah\/publikationen\/"},"modified":"2023-09-27T13:31:56","modified_gmt":"2023-09-27T11:31:56","slug":"publikationen","status":"publish","type":"page","link":"https:\/\/www.archaeoman.de\/en\/der-fundort-al-zebah\/publikationen\/","title":{"rendered":"Publications"},"content":{"rendered":"<div id=\"pl-1291\"  class=\"panel-layout\" ><div id=\"pg-1291-0\"  class=\"panel-grid panel-no-style\" ><div id=\"pgc-1291-0-0\"  class=\"panel-grid-cell\" ><div id=\"panel-1291-0-0-0\" class=\"so-panel widget widget_nav_menu panel-first-child panel-last-child\" data-index=\"0\" ><div class=\"menu-the-site-of-al-zebah-container\"><ul id=\"menu-the-site-of-al-zebah\" class=\"menu\"><li id=\"menu-item-1287\" class=\"menu-item menu-item-type-post_type menu-item-object-page menu-item-has-children menu-item-1287\"><a href=\"https:\/\/www.archaeoman.de\/en\/der-fundort-al-zebah\/\">The Site of Al-Zebah<\/a>\n<ul class=\"sub-menu\">\n\t<li id=\"menu-item-1306\" class=\"menu-item menu-item-type-post_type menu-item-object-page menu-item-1306\"><a href=\"https:\/\/www.archaeoman.de\/en\/der-fundort-al-zebah\/publikationen\/\">Publications<\/a><\/li>\n\t<li id=\"menu-item-1305\" class=\"menu-item menu-item-type-post_type menu-item-object-page menu-item-1305\"><a href=\"https:\/\/www.archaeoman.de\/en\/der-fundort-al-zebah\/qualifikationsarbeiten\/\">Theses<\/a><\/li>\n\t<li id=\"menu-item-1304\" class=\"menu-item menu-item-type-post_type menu-item-object-page menu-item-1304\"><a href=\"https:\/\/www.archaeoman.de\/en\/der-fundort-al-zebah\/mitarbeiter-und-kooperationspartner\/\">Team Members and Partners<\/a><\/li>\n\t<li id=\"menu-item-1303\" class=\"menu-item menu-item-type-post_type menu-item-object-page menu-item-1303\"><a href=\"https:\/\/www.archaeoman.de\/en\/der-fundort-al-zebah\/foerderung\/\">Financal Support<\/a><\/li>\n<\/ul>\n<\/li>\n<\/ul><\/div><\/div><\/div><div id=\"pgc-1291-0-1\"  class=\"panel-grid-cell\" ><div id=\"panel-1291-0-1-0\" class=\"so-panel widget widget_sow-editor panel-first-child panel-last-child\" data-index=\"1\" ><div\n\t\t\t\n\t\t\tclass=\"so-widget-sow-editor so-widget-sow-editor-base\"\n\t\t\t\n\t\t>\n<div class=\"siteorigin-widget-tinymce textwidget\">\n\t<p><strong>Publications<\/strong><strong><br \/>\n<\/strong><\/p>\n<ul>\n<li>D\u00f6pper, S. (2019), Al-Zebah and its Position in the Regional Settlement Pattern of Central Inner-Oman in: S. D\u00f6pper (ed.), <em>Beyond Tombs and Towers. Domestic Architecture of the Umm an-Nar Period in Eastern Arabia. Arabia Orientalis<\/em> 4. Wiesbaden: Harrassowitz, 87\u201396.<\/li>\n<li>D\u00f6pper, S. \u2013 Schmidt, C. (2018), The Umm an-Nar Settlement of Al-Zebah, in: S. Cleuziou \u2013 M. Tosi (eds.), <em>In the Shadow of the Ancestors. The Prehistoric Foundations of the Early Arabian Civilization in Oman<\/em>, Maskat: Ministry of Heritage and Culture, second expanded edition, 381\u2013384.<\/li>\n<li>Schmidt, C. (2018), The Umm an-Nar Settlement of Al-Zebah, in: S. D\u00f6pper (ed.), <em>Beyond Tombs and Towers. Domestic Architecture of the Umm an-Nar Period in Eastern Arabia, Arabia Orientalis <\/em>4, Harrassowitz, Wiesbaden, 71\u201386.<\/li>\n<li>Schmidt, C. (2018), <a href=\"https:\/\/www.persee.fr\/doc\/paleo_0153-9345_2018_num_44_1_5788\" target=\"_blank\" rel=\"noopener\">Pastoral Nomadism in 3rd Millennium BC Eastern Arabia: A view from Al-Zebah in Central Oman<\/a>, <em>Pal\u00e9orient <\/em>44.1, 105\u2013118.<\/li>\n<li>Schmidt, C. (2016), Mobile Pastoralists as Global Players: Excavations at Al-Zebah, Sultanate of Oman, in: Rolf A. Stucky \u2013 Oskar Kaelin \u2013 Hans-Peter Mathys (eds.), <em>Proceedings of the 9th International Congress on the Archaeology of the Ancient Near East (ICAANE), 9-13 June 2014<\/em>, Basel, Volume 3: Reports, 689\u2013696.<\/li>\n<li>Schmidt, C. \u2013 D\u00f6pper, S. (2016), <a href=\"https:\/\/archaeopresspublishing.com\/ojs\/index.php\/PSAS\/article\/view\/1257\" target=\"_blank\" rel=\"noopener\">Umm an-Nar pottery assemblages from B\u0101t and al-Z\u012bb\u0101 and their functional contexts<\/a>, <em>Proceedings of the Seminar for Arabian Studies<\/em> 46, 247\u2013262.<\/li>\n<li>Loges, Luise (2015), <a href=\"https:\/\/www.spektrum.de\/magazin\/kupfer-fuer-die-alte-welt\/1333993\" target=\"_blank\" rel=\"noopener\">Kupfer f\u00fcr die Alte Welt<\/a>. Spektrum der Wissenschaft April 2015, 66-70. <a href=\"http:\/\/www.spektrum.de\/artikel\/1333993\">www.spektrum.de\/artikel\/1333993<\/a><\/li>\n<li>Schmidt, C. \u2013 D\u00f6pper, S. (2014), German Expedition to Bat and Al-Ayn, Sultanate of Oman: The 2010 to 2013 seasons, <em>The Journal of Oman Studies<\/em> 18, 187\u2013230.<\/li>\n<li>D\u00f6pper, S. \u2013 Schmidt, C. (2014), <a href=\"https:\/\/www.orient-gesellschaft.de\/repositorium\/MDOG\/MDOG_146.pdf\" target=\"_blank\" rel=\"noopener\">Bericht \u00fcber die Ausgrabungen 2013 und 2014 in Bat und Al-Ayn, Sultanat Oman<\/a>, <em>Mitteilungen der Deutschen Orient-Gesellschaft<\/em> 146, 55\u201385.<\/li>\n<li>D\u00f6pper, S. \u2013 Schmidt, C. (2013), <a href=\"https:\/\/www.orient-gesellschaft.de\/repositorium\/MDOG\/MDOG_145.pdf\" target=\"_blank\" rel=\"noopener\">Bericht \u00fcber die Ausgrabungen 2011 und 2012 in Bat und Al-Ayn, Sultanat Oman<\/a>, <em>Mitteilungen der Deutschen Orient-Gesellschaft<\/em> 145, 23\u201352.<\/li>\n<\/ul>\n<hr \/>\n<p><strong>Repository<\/strong><\/p>\n<ul>\n<li>Schmidt, C. \u2013 D\u00f6pper, S. (2020),\u00a0<a href=\"https:\/\/fdat.escience.uni-tuebingen.de\/portal\/#\/project_description\/10900.1%252F7c79db75-bac1-4e96-aaa2-3b74761c26e0\" target=\"_blank\" rel=\"noopener\"><em>Bat, Al-Zebah and Al-Ayn Archaeological Project, University of Tuebingen<\/em><\/a>, Eberhard Karls Universit\u00e4t T\u00fcbingen.<\/li>\n<\/ul>\n<\/div>\n<\/div><\/div><\/div><\/div><\/div>","protected":false},"excerpt":{"rendered":"<p>Publications D\u00f6pper, S. (2019), Al-Zebah and its Position in the Regional Settlement Pattern of Central Inner-Oman in: S. D\u00f6pper (ed.), Beyond Tombs and Towers. Domestic Architecture of the Umm an-Nar Period in Eastern Arabia. Arabia Orientalis 4. Wiesbaden: Harrassowitz, 87\u201396. D\u00f6pper, S. \u2013 Schmidt, C. (2018), The Umm an-Nar Settlement of Al-Zebah, in: S. Cleuziou &#8230; <a title=\"Publications\" class=\"read-more\" href=\"https:\/\/www.archaeoman.de\/en\/der-fundort-al-zebah\/publikationen\/\" aria-label=\"Read more about Publications\">Weiterlesen &#8230;<\/a><\/p>\n","protected":false},"author":1,"featured_media":0,"parent":1276,"menu_order":0,"comment_status":"closed","ping_status":"closed","template":"","meta":{"generate_page_header":"","footnotes":""},"class_list":["post-1291","page","type-page","status-publish"],"_links":{"self":[{"href":"https:\/\/www.archaeoman.de\/en\/wp-json\/wp\/v2\/pages\/1291","targetHints":{"allow":["GET"]}}],"collection":[{"href":"https:\/\/www.archaeoman.de\/en\/wp-json\/wp\/v2\/pages"}],"about":[{"href":"https:\/\/www.archaeoman.de\/en\/wp-json\/wp\/v2\/types\/page"}],"author":[{"embeddable":true,"href":"https:\/\/www.archaeoman.de\/en\/wp-json\/wp\/v2\/users\/1"}],"replies":[{"embeddable":true,"href":"https:\/\/www.archaeoman.de\/en\/wp-json\/wp\/v2\/comments?post=1291"}],"version-history":[{"count":3,"href":"https:\/\/www.archaeoman.de\/en\/wp-json\/wp\/v2\/pages\/1291\/revisions"}],"predecessor-version":[{"id":9618,"href":"https:\/\/www.archaeoman.de\/en\/wp-json\/wp\/v2\/pages\/1291\/revisions\/9618"}],"up":[{"embeddable":true,"href":"https:\/\/www.archaeoman.de\/en\/wp-json\/wp\/v2\/pages\/1276"}],"wp:attachment":[{"href":"https:\/\/www.archaeoman.de\/en\/wp-json\/wp\/v2\/media?parent=1291"}],"curies":[{"name":"wp","href":"https:\/\/api.w.org\/{rel}","templated":true}]}}