{"id":1404,"date":"2017-06-29T11:37:35","date_gmt":"2017-06-29T09:37:35","guid":{"rendered":"https:\/\/www.archaeoman.de\/der-fundort-al-khashbah\/"},"modified":"2019-05-28T15:14:29","modified_gmt":"2019-05-28T13:14:29","slug":"der-fundort-al-khashbah","status":"publish","type":"page","link":"https:\/\/www.archaeoman.de\/en\/der-fundort-al-khashbah\/","title":{"rendered":"The Site Al-Khashbah"},"content":{"rendered":"<div id=\"pl-1404\"  class=\"panel-layout\" ><div id=\"pg-1404-0\"  class=\"panel-grid panel-no-style\" ><div id=\"pgc-1404-0-0\"  class=\"panel-grid-cell\" ><div id=\"panel-1404-0-0-0\" class=\"so-panel widget widget_nav_menu panel-first-child panel-last-child\" data-index=\"0\" ><div class=\"menu-the-site-of-al-khashbah-container\"><ul id=\"menu-the-site-of-al-khashbah\" class=\"menu\"><li id=\"menu-item-1407\" class=\"menu-item menu-item-type-post_type menu-item-object-page menu-item-has-children menu-item-1407\"><a href=\"https:\/\/www.archaeoman.de\/en\/der-fundort-al-khashbah\/\">The Site Al-Khashbah<\/a>\n<ul class=\"sub-menu\">\n\t<li id=\"menu-item-1411\" class=\"menu-item menu-item-type-post_type menu-item-object-page menu-item-1411\"><a href=\"https:\/\/www.archaeoman.de\/en\/der-fundort-al-khashbah\/publikationen\/\">Publications<\/a><\/li>\n\t<li id=\"menu-item-1415\" class=\"menu-item menu-item-type-post_type menu-item-object-page menu-item-1415\"><a href=\"https:\/\/www.archaeoman.de\/en\/der-fundort-al-khashbah\/qualifikationsarbeiten\/\">Theses<\/a><\/li>\n\t<li id=\"menu-item-1419\" class=\"menu-item menu-item-type-post_type menu-item-object-page menu-item-1419\"><a href=\"https:\/\/www.archaeoman.de\/en\/der-fundort-al-khashbah\/mitarbeiter-und-kooperationspartner\/\">Team Members and Partners<\/a><\/li>\n\t<li id=\"menu-item-1423\" class=\"menu-item menu-item-type-post_type menu-item-object-page menu-item-1423\"><a href=\"https:\/\/www.archaeoman.de\/en\/der-fundort-al-khashbah\/foerderung\/\">Financial Support<\/a><\/li>\n<\/ul>\n<\/li>\n<\/ul><\/div><\/div><\/div><div id=\"pgc-1404-0-1\"  class=\"panel-grid-cell\" ><div id=\"panel-1404-0-1-0\" class=\"so-panel widget widget_sow-editor panel-first-child panel-last-child\" data-index=\"1\" ><div\n\t\t\t\n\t\t\tclass=\"so-widget-sow-editor so-widget-sow-editor-base\"\n\t\t\t\n\t\t>\n<div class=\"siteorigin-widget-tinymce textwidget\">\n\t<p><strong><img loading=\"lazy\" decoding=\"async\" class=\"alignright wp-image-4149\" src=\"https:\/\/www.archaeoman.de\/wp-content\/uploads\/2017\/06\/gro\u00dfe-Karte_Al-Khashbah_eng_750-278x300.jpg\" alt=\"\" width=\"400\" height=\"432\" srcset=\"https:\/\/www.archaeoman.de\/wp-content\/uploads\/2017\/06\/gro\u00dfe-Karte_Al-Khashbah_eng_750-278x300.jpg 278w, https:\/\/www.archaeoman.de\/wp-content\/uploads\/2017\/06\/gro\u00dfe-Karte_Al-Khashbah_eng_750.jpg 750w\" sizes=\"auto, (max-width: 400px) 100vw, 400px\" \/>Al-Khashbah<\/strong><\/p>\n<p>The site of Al-Khashbah is located in the Shamal Al-Sharqiya governorate, about 18 km to the northeast of the modern city of Sinaw at the southern foothills of the Al-Hajar Mountains. It extends more than five kilometres east-west and up to two kilometres in a north-south direction and is the largest known 3<sup>rd<\/sup> millennium BC site in the region. Al-Khashbah is characterized by at least nine monumental round buildings, so-called towers. The site is mentioned in the literature early on as it features with <a href=\"https:\/\/www.archaeoman.de\/en\/al-khashbah-3d-modelle-gebaeude-en\/gebaeude-iv\/\">Building IV<\/a> a unique structure that in contrast to all other 3<sup>rd<\/sup> millennium BC towers has a rectangular and not a round ground plan. The excavations at Al-Khashbah have taken place since 2015 by a team from the University of T\u00fcbingen under the direction of Conrad Schmidt in the course of his DFG (German Research Foundation) project \u201cThe development of complex societies in northern inner Oman in the 3<sup>rd<\/sup> millennium BC\u201d. The aim of the project is to investigate the early phase of the cultural and socio-economic developments of the Bronze Age in inner Oman.<\/p>\n<hr \/>\n<p><strong>The Survey 2015<\/strong><\/p>\n<p>In 2015 intensive field-walking surveys were conducted at Al-Khashbah covering systematically and completely an area of 20 hectares. All finds were collected and each one of them given its coordinates with a handheld GPS (Garmin eTrex 10) device. In total, 18,000 objects were document in this manner and are presented using <a href=\"https:\/\/www.archaeoman.de\/al-khashbah-webgis\/\">web GIS<\/a>, so that the special distribution of selected artefacts by object type, date, typologies and other criteria can be displayed and analysed.<\/p>\n<p>The oldest structures at Al-Khashbah are 205 Hafit period tombs that stand exclusively on a chain of small hills (<a href=\"https:\/\/www.archaeoman.de\/al-khashbah-webgis\/\">web GIS<\/a>). They are above-ground, truncated cone shaped stone buildings. Beside the tombs there are also monumental structures of the Hafit period (3100\u20132700 BC) at Al-Khashbah, three round buildings made of stone and a large mud-brick complex. In the Umm an-Nar period (2700\u20132000 BC) there are far fewer, but larger, above ground stone tombs. These are located in the plain in the centre of Al-Khashbah. There is only one domestic structure, Building X, from the Umm an-Nar period known from Al-Khashbah. This lies in the north of the site. In addition, five monumental round buildings made of stone, dating to the Umm an-Nar period, are present (<a href=\"https:\/\/www.archaeoman.de\/al-khashbah-webgis\/\">web GIS<\/a>). For the following Wadi Suq period (2000\u20131600 BC) only around of six tombs are documented. Following the Wadi Suq period there is a long hiatus at Al-Khashbah. Not until the Late Islamic period is the site resettled. This includes the modern palm oasis as well as the abandoned village of <a href=\"https:\/\/www.archaeoman.de\/en\/al-khashbah-3d-modelle-gebaeude-en\/safrat-al-khashbah\/\">Safrat al-Khashbah<\/a> in the far east of the site.<\/p>\n<p><img loading=\"lazy\" decoding=\"async\" class=\"aligncenter size-full\" src=\"https:\/\/www.archaeoman.de\/wp-content\/uploads\/2019\/07\/karte-geb_eng_900.jpeg\" alt=\"\" width=\"900\" height=\"720\" \/><\/p>\n<p style=\"text-align: center;\">Position of the most important Early Bronze Age Buildings at\u00a0Al-Khashbah (red = Hafit period; yellow = Umm an-Nar period).<\/p>\n<hr \/>\n<p><strong>Building I<\/strong><\/p>\n<p>Building I belongs to a large Hafit period settlement, which also\u00a0includes the Towers VIII, IX, XI, and XII. It is a large complex\u00a0consisting of several mud-brick buildings that are encompassed by\u00a0large ditch systems. The complex measures 80 x 80 m and is situated on\u00a0a naturally occurring hillock directly next to the wadi. The buildings are\u00a0divided into small rooms of roughly the same size. The surrounding ditches are up to 4 m\u00a0wide and 3 m deep. Like a well made of stone, which was later sunk\u00a0into the backfill of one of the ditches, they may have been used\u00a0primarily for the extraction of water. Building I yielded primarily\u00a0stone tools and their production debris, beads and their pre-products, small amounts of slag, and numerous ground stone\u00a0tools most likely used for the processing of copper. All\u00a0finds prove that several craft activities were carried out here. Charcoal samples date Building I to the late Hafit period around 2800\u00a0BC.<\/p>\n<p><img loading=\"lazy\" decoding=\"async\" class=\"aligncenter size-full\" src=\"https:\/\/www.archaeoman.de\/wp-content\/uploads\/2019\/07\/GF14548_1024.JPG\" alt=\"\" width=\"750\" height=\"562\" \/><\/p>\n<p style=\"text-align: center;\">Building I from above.<\/p>\n<p><img loading=\"lazy\" decoding=\"async\" class=\"aligncenter size-full\" src=\"https:\/\/www.archaeoman.de\/wp-content\/uploads\/2019\/07\/Abb10_GF13550_750.JPG\" alt=\"\" width=\"750\" height=\"562\" \/><\/p>\n<p style=\"text-align: center;\">Mud-brick floor in the northwestern part of Building I.<\/p>\n<p><img loading=\"lazy\" decoding=\"async\" class=\"aligncenter size-full\" src=\"https:\/\/www.archaeoman.de\/wp-content\/uploads\/2019\/07\/Beilage 1_NEU_Gr\u00f6\u00dfe angepasst_red.jpg\" alt=\"\" width=\"930\" height=\"562\" \/><\/p>\n<p style=\"text-align: center;\">Overall plan of Building I.<\/p>\n<p>&nbsp;<\/p>\n<p><img loading=\"lazy\" decoding=\"async\" class=\"aligncenter wp-image-3316 size-full\" src=\"https:\/\/www.archaeoman.de\/wp-content\/uploads\/2019\/07\/Abb12_Lithik-B-01+Abb13.jpg\" alt=\"\" width=\"750\" height=\"720\" \/><\/p>\n<p style=\"text-align: center;\">Stone tools from Building I.<\/p>\n<hr \/>\n<p><strong>Building II<\/strong><\/p>\n<p><a href=\"https:\/\/www.archaeoman.de\/en\/al-khashbah-3d-modelle-gebaeude-en\/gebaeude-ii\/\">Building II<\/a> is located in Area G to the northeast of Al-Khashbah on a rock cone directly next to the wadi. Its circular main wall on the top of the hill is best preserved. The double-sided wall has a diameter of 28 m. In the northeast of the main wall, a possible entrance with an adjacent stone floor was uncovered. It is flanked on both sides by projections of the wall. In a second test trench in the east of the building a natural cavern in the rock was excavated in which a trodden floor surface was revealed below one and a half meters of accumulations. No slag or furnace fragments were found during the excavations of Building II, though Umm an-Nar period pottery was recovered. Charcoal samples from the stone floor from the interior of the main wall date Building II to the beginning of the Umm an-Nar period around 2600 BC.<\/p>\n<p><img loading=\"lazy\" decoding=\"async\" class=\"aligncenter wp-image-3321 size-full\" src=\"https:\/\/www.archaeoman.de\/wp-content\/uploads\/2017\/06\/GF00899.jpg\" alt=\"\" width=\"750\" height=\"502\" srcset=\"https:\/\/www.archaeoman.de\/wp-content\/uploads\/2017\/06\/GF00899.jpg 750w, https:\/\/www.archaeoman.de\/wp-content\/uploads\/2017\/06\/GF00899-300x201.jpg 300w, https:\/\/www.archaeoman.de\/wp-content\/uploads\/2017\/06\/GF00899-272x182.jpg 272w\" sizes=\"auto, (max-width: 750px) 100vw, 750px\" \/><\/p>\n<p style=\"text-align: center;\">Projection of the wall in the northeast of Building II.<\/p>\n<hr \/>\n<p><strong>Building IV<\/strong><\/p>\n<p>With a side length of 29.50 to 30 m <a href=\"https:\/\/www.archaeoman.de\/en\/al-khashbah-3d-modelle-gebaeude-en\/gebaeude-iv\/\">Building IV<\/a> is nearly square in plan. Each of the four sides features a wall projection. They are all situated to the middle of the wall, only the one in the east is further south, possibly to make space for an entrance to the building in the northeast. Here lies the by far largest ashlar of the structure with a length of 2.80 m. In the northeast, the external wall of the building is preserved to a height of 2.20 m. Here, a group of petroglyphs from the Islamic period that depict riders, horses, camels and geometrical symbols are located. Building IV clearly dates to the Umm an-Nar period (2700\u20132000 BC) as numerous pottery sherds from the surface demonstrate.<\/p>\n<p><img loading=\"lazy\" decoding=\"async\" class=\"aligncenter wp-image-3322\" src=\"https:\/\/www.archaeoman.de\/wp-content\/uploads\/2017\/06\/DSC_0299_750-300x200.jpg\" alt=\"\" width=\"500\" height=\"333\" srcset=\"https:\/\/www.archaeoman.de\/wp-content\/uploads\/2017\/06\/DSC_0299_750-300x200.jpg 300w, https:\/\/www.archaeoman.de\/wp-content\/uploads\/2017\/06\/DSC_0299_750-272x182.jpg 272w, https:\/\/www.archaeoman.de\/wp-content\/uploads\/2017\/06\/DSC_0299_750.jpg 750w\" sizes=\"auto, (max-width: 500px) 100vw, 500px\" \/><\/p>\n<p style=\"text-align: center;\">Petroglyph at the external wall of Building IV.<\/p>\n<hr \/>\n<p><strong>Building V<\/strong><\/p>\n<p><a href=\"https:\/\/www.archaeoman.de\/en\/al-khashbah-3d-modelle-gebaeude-en\/gebaeude-v\/\">Building V<\/a> is located directly at the edge of the wadi facing the\u00a0modern palm oasis of Al-Khashbah. It features a circular main stone\u00a0wall with a diameter of 25 m. The tower was rebuilt several times\u00a0during its period of use. Thousands of crucible and furnace fragments, copper\u00a0slag, and metal prills from Building V attest to intensive copper processing. Charcoal samples from the same deposits as the\u00a0metal production remains date to the beginning of the Hafit period\u00a0around 3200\u20133100 BC. This makes Building V the oldest known monumental\u00a0building in Oman and simultaneously demonstrates the oldest evidence for large\u00a0scale copper processing. In addition, it is contemporary with the\u00a0Archaic Texts from Uruk from the end of the 4<sup>th<\/sup> millennium BC, in\u00a0which the copper trade along the Arab-Persian Gulf is already\u00a0mentioned. Thus, for the first time these written sources from\u00a0Southern Mesopotamia match the archaeological evidence from Oman.<\/p>\n<p><img loading=\"lazy\" decoding=\"async\" class=\"aligncenter wp-image-3323 size-full\" src=\"https:\/\/www.archaeoman.de\/wp-content\/uploads\/2017\/06\/DJI_0227_ed_750.jpg\" alt=\"\" width=\"750\" height=\"500\" srcset=\"https:\/\/www.archaeoman.de\/wp-content\/uploads\/2017\/06\/DJI_0227_ed_750.jpg 750w, https:\/\/www.archaeoman.de\/wp-content\/uploads\/2017\/06\/DJI_0227_ed_750-300x200.jpg 300w, https:\/\/www.archaeoman.de\/wp-content\/uploads\/2017\/06\/DJI_0227_ed_750-272x182.jpg 272w\" sizes=\"auto, (max-width: 750px) 100vw, 750px\" \/><\/p>\n<p style=\"text-align: center;\">Building V at the beginning of excavation.<\/p>\n<p><img loading=\"lazy\" decoding=\"async\" class=\"aligncenter size-full\" src=\"https:\/\/www.archaeoman.de\/wp-content\/uploads\/2019\/07\/Abb21_GF21371.JPG\" alt=\"\" width=\"750\" height=\"169\" \/><\/p>\n<p style=\"text-align: center;\">Stone and mud-brick walls in the interior of Building V.<\/p>\n<p><img loading=\"lazy\" decoding=\"async\" class=\"aligncenter size-full\" src=\"https:\/\/www.archaeoman.de\/wp-content\/uploads\/2019\/07\/PL-001_fertig4.jpg\" alt=\"\" width=\"920\" height=\"169\" \/><\/p>\n<p style=\"text-align: center;\">Overall plan of Building V.<\/p>\n<p>&nbsp;<\/p>\n<p><img loading=\"lazy\" decoding=\"async\" class=\"aligncenter size-full\" src=\"https:\/\/www.archaeoman.de\/wp-content\/uploads\/2019\/07\/Abb27_Ofenfragmente.jpg\" width=\"1000\" height=\"169\" \/><\/p>\n<p style=\"text-align: center;\">Crucible and furnace fragments with slag adhesion from Building V.<\/p>\n<hr \/>\n<p><strong>Geophysical Prospections<\/strong><\/p>\n<p>Since 2015 geophysical prospection has been carried out continuously. Building I, Building V and Building VII were investigated by Jason Herrmann from the University of T\u00fcbingen in 2015. Dominique Ngan-Tillard and Martijn Warnaar studied Building I, VIII and IX in 2016. In 2017 and 2018 J\u00f6rg Fa\u00dfbinder and Marion Scheiblecker from Munich University conducted work at Building XI and Building XII. The most important results of the magnetometry are three monumental buildings (I, XI and XII) including large encompassing ditch systems.<\/p>\n<p><img loading=\"lazy\" decoding=\"async\" class=\"aligncenter size-medium\" src=\"https:\/\/www.archaeoman.de\/wp-content\/uploads\/2017\/08\/Marion.jpg\" width=\"500\" height=\"339\" \/><\/p>\n<p style=\"text-align: center;\">Marion Scheiblecker during the geophysical prospection in Area B.<\/p>\n<p><img loading=\"lazy\" decoding=\"async\" class=\"aligncenter wp-image-4161 size-full\" src=\"https:\/\/www.archaeoman.de\/wp-content\/uploads\/2017\/06\/Poster-3_Ausschnitt.jpg\" alt=\"\" width=\"750\" height=\"1003\" srcset=\"https:\/\/www.archaeoman.de\/wp-content\/uploads\/2017\/06\/Poster-3_Ausschnitt.jpg 750w, https:\/\/www.archaeoman.de\/wp-content\/uploads\/2017\/06\/Poster-3_Ausschnitt-224x300.jpg 224w\" sizes=\"auto, (max-width: 750px) 100vw, 750px\" \/><\/p>\n<p style=\"text-align: center;\">Results of two magnetic surveys in Area B (J. Herrmann, J. Fa\u00dfbinder, M. Scheiblecker).<\/p>\n<\/div>\n<\/div><\/div><\/div><\/div><\/div>","protected":false},"excerpt":{"rendered":"<p>Al-Khashbah The site of Al-Khashbah is located in the Shamal Al-Sharqiya governorate, about 18 km to the northeast of the modern city of Sinaw at the southern foothills of the Al-Hajar Mountains. It extends more than five kilometres east-west and up to two kilometres in a north-south direction and is the largest known 3rd millennium &#8230; <a title=\"The Site Al-Khashbah\" class=\"read-more\" href=\"https:\/\/www.archaeoman.de\/en\/der-fundort-al-khashbah\/\" aria-label=\"Read more about The Site Al-Khashbah\">Weiterlesen &#8230;<\/a><\/p>\n","protected":false},"author":1,"featured_media":0,"parent":0,"menu_order":0,"comment_status":"closed","ping_status":"closed","template":"","meta":{"generate_page_header":"","footnotes":""},"class_list":["post-1404","page","type-page","status-publish"],"_links":{"self":[{"href":"https:\/\/www.archaeoman.de\/en\/wp-json\/wp\/v2\/pages\/1404","targetHints":{"allow":["GET"]}}],"collection":[{"href":"https:\/\/www.archaeoman.de\/en\/wp-json\/wp\/v2\/pages"}],"about":[{"href":"https:\/\/www.archaeoman.de\/en\/wp-json\/wp\/v2\/types\/page"}],"author":[{"embeddable":true,"href":"https:\/\/www.archaeoman.de\/en\/wp-json\/wp\/v2\/users\/1"}],"replies":[{"embeddable":true,"href":"https:\/\/www.archaeoman.de\/en\/wp-json\/wp\/v2\/comments?post=1404"}],"version-history":[{"count":0,"href":"https:\/\/www.archaeoman.de\/en\/wp-json\/wp\/v2\/pages\/1404\/revisions"}],"wp:attachment":[{"href":"https:\/\/www.archaeoman.de\/en\/wp-json\/wp\/v2\/media?parent=1404"}],"curies":[{"name":"wp","href":"https:\/\/api.w.org\/{rel}","templated":true}]}}