{"id":1412,"date":"2017-07-04T13:05:50","date_gmt":"2017-07-04T11:05:50","guid":{"rendered":"https:\/\/www.archaeoman.de\/der-fundort-al-khashbah\/qualifikationsarbeiten\/"},"modified":"2019-02-04T13:22:52","modified_gmt":"2019-02-04T12:22:52","slug":"qualifikationsarbeiten","status":"publish","type":"page","link":"https:\/\/www.archaeoman.de\/en\/der-fundort-al-khashbah\/qualifikationsarbeiten\/","title":{"rendered":"Theses"},"content":{"rendered":"<div id=\"pl-1412\"  class=\"panel-layout\" ><div id=\"pg-1412-0\"  class=\"panel-grid panel-no-style\" ><div id=\"pgc-1412-0-0\"  class=\"panel-grid-cell\" ><div id=\"panel-1412-0-0-0\" class=\"so-panel widget widget_nav_menu panel-first-child panel-last-child\" data-index=\"0\" ><div class=\"menu-the-site-of-al-khashbah-container\"><ul id=\"menu-the-site-of-al-khashbah\" class=\"menu\"><li id=\"menu-item-1407\" class=\"menu-item menu-item-type-post_type menu-item-object-page menu-item-has-children menu-item-1407\"><a href=\"https:\/\/www.archaeoman.de\/en\/der-fundort-al-khashbah\/\">The Site Al-Khashbah<\/a>\n<ul class=\"sub-menu\">\n\t<li id=\"menu-item-1411\" class=\"menu-item menu-item-type-post_type menu-item-object-page menu-item-1411\"><a href=\"https:\/\/www.archaeoman.de\/en\/der-fundort-al-khashbah\/publikationen\/\">Publications<\/a><\/li>\n\t<li id=\"menu-item-1415\" class=\"menu-item menu-item-type-post_type menu-item-object-page menu-item-1415\"><a href=\"https:\/\/www.archaeoman.de\/en\/der-fundort-al-khashbah\/qualifikationsarbeiten\/\">Theses<\/a><\/li>\n\t<li id=\"menu-item-1419\" class=\"menu-item menu-item-type-post_type menu-item-object-page menu-item-1419\"><a href=\"https:\/\/www.archaeoman.de\/en\/der-fundort-al-khashbah\/mitarbeiter-und-kooperationspartner\/\">Team Members and Partners<\/a><\/li>\n\t<li id=\"menu-item-1423\" class=\"menu-item menu-item-type-post_type menu-item-object-page menu-item-1423\"><a href=\"https:\/\/www.archaeoman.de\/en\/der-fundort-al-khashbah\/foerderung\/\">Financial Support<\/a><\/li>\n<\/ul>\n<\/li>\n<\/ul><\/div><\/div><\/div><div id=\"pgc-1412-0-1\"  class=\"panel-grid-cell\" ><div id=\"panel-1412-0-1-0\" class=\"so-panel widget widget_sow-editor panel-first-child panel-last-child\" data-index=\"1\" ><div\n\t\t\t\n\t\t\tclass=\"so-widget-sow-editor so-widget-sow-editor-base\"\n\t\t\t\n\t\t>\n<div class=\"siteorigin-widget-tinymce textwidget\">\n\t<p><strong>Theses<\/strong><\/p>\n<p>Samantha Petrella, Die Petroglyphen des Geb\u00e4udes IV in Al-Khashbah (Bachelor thesis 2018, University of T\u00fcbingen).<\/p>\n<p>Jonas Kluge, Die T\u00fcrme von Al-Khashbah (Master thesis 2018, University of T\u00fcbingen).<\/p>\n<\/div>\n<\/div><\/div><\/div><\/div><\/div>","protected":false},"excerpt":{"rendered":"<p>Theses Samantha Petrella, Die Petroglyphen des Geb\u00e4udes IV in Al-Khashbah (Bachelor thesis 2018, University of T\u00fcbingen). Jonas Kluge, Die T\u00fcrme von Al-Khashbah (Master thesis 2018, University of T\u00fcbingen).<\/p>\n","protected":false},"author":1,"featured_media":0,"parent":1404,"menu_order":0,"comment_status":"closed","ping_status":"closed","template":"","meta":{"generate_page_header":"","footnotes":""},"class_list":["post-1412","page","type-page","status-publish"],"_links":{"self":[{"href":"https:\/\/www.archaeoman.de\/en\/wp-json\/wp\/v2\/pages\/1412","targetHints":{"allow":["GET"]}}],"collection":[{"href":"https:\/\/www.archaeoman.de\/en\/wp-json\/wp\/v2\/pages"}],"about":[{"href":"https:\/\/www.archaeoman.de\/en\/wp-json\/wp\/v2\/types\/page"}],"author":[{"embeddable":true,"href":"https:\/\/www.archaeoman.de\/en\/wp-json\/wp\/v2\/users\/1"}],"replies":[{"embeddable":true,"href":"https:\/\/www.archaeoman.de\/en\/wp-json\/wp\/v2\/comments?post=1412"}],"version-history":[{"count":0,"href":"https:\/\/www.archaeoman.de\/en\/wp-json\/wp\/v2\/pages\/1412\/revisions"}],"up":[{"embeddable":true,"href":"https:\/\/www.archaeoman.de\/en\/wp-json\/wp\/v2\/pages\/1404"}],"wp:attachment":[{"href":"https:\/\/www.archaeoman.de\/en\/wp-json\/wp\/v2\/media?parent=1412"}],"curies":[{"name":"wp","href":"https:\/\/api.w.org\/{rel}","templated":true}]}}