{"id":1416,"date":"2017-07-04T13:06:30","date_gmt":"2017-07-04T11:06:30","guid":{"rendered":"https:\/\/www.archaeoman.de\/der-fundort-al-khashbah\/mitarbeiter-und-kooperationspartner\/"},"modified":"2019-05-22T09:01:28","modified_gmt":"2019-05-22T07:01:28","slug":"mitarbeiter-und-kooperationspartner","status":"publish","type":"page","link":"https:\/\/www.archaeoman.de\/en\/der-fundort-al-khashbah\/mitarbeiter-und-kooperationspartner\/","title":{"rendered":"Team Members and Partners"},"content":{"rendered":"<div id=\"pl-1416\"  class=\"panel-layout\" ><div id=\"pg-1416-0\"  class=\"panel-grid panel-no-style\" ><div id=\"pgc-1416-0-0\"  class=\"panel-grid-cell\" ><div id=\"panel-1416-0-0-0\" class=\"so-panel widget widget_nav_menu panel-first-child panel-last-child\" data-index=\"0\" ><div class=\"menu-the-site-of-al-khashbah-container\"><ul id=\"menu-the-site-of-al-khashbah\" class=\"menu\"><li id=\"menu-item-1407\" class=\"menu-item menu-item-type-post_type menu-item-object-page menu-item-has-children menu-item-1407\"><a href=\"https:\/\/www.archaeoman.de\/en\/der-fundort-al-khashbah\/\">The Site Al-Khashbah<\/a>\n<ul class=\"sub-menu\">\n\t<li id=\"menu-item-1411\" class=\"menu-item menu-item-type-post_type menu-item-object-page menu-item-1411\"><a href=\"https:\/\/www.archaeoman.de\/en\/der-fundort-al-khashbah\/publikationen\/\">Publications<\/a><\/li>\n\t<li id=\"menu-item-1415\" class=\"menu-item menu-item-type-post_type menu-item-object-page menu-item-1415\"><a href=\"https:\/\/www.archaeoman.de\/en\/der-fundort-al-khashbah\/qualifikationsarbeiten\/\">Theses<\/a><\/li>\n\t<li id=\"menu-item-1419\" class=\"menu-item menu-item-type-post_type menu-item-object-page menu-item-1419\"><a href=\"https:\/\/www.archaeoman.de\/en\/der-fundort-al-khashbah\/mitarbeiter-und-kooperationspartner\/\">Team Members and Partners<\/a><\/li>\n\t<li id=\"menu-item-1423\" class=\"menu-item menu-item-type-post_type menu-item-object-page menu-item-1423\"><a href=\"https:\/\/www.archaeoman.de\/en\/der-fundort-al-khashbah\/foerderung\/\">Financial Support<\/a><\/li>\n<\/ul>\n<\/li>\n<\/ul><\/div><\/div><\/div><div id=\"pgc-1416-0-1\"  class=\"panel-grid-cell\" ><div id=\"panel-1416-0-1-0\" class=\"so-panel widget widget_sow-editor panel-first-child panel-last-child\" data-index=\"1\" ><div\n\t\t\t\n\t\t\tclass=\"so-widget-sow-editor so-widget-sow-editor-base\"\n\t\t\t\n\t\t>\n<div class=\"siteorigin-widget-tinymce textwidget\">\n\t<p><strong>Team Members<\/strong><\/p>\n<p>2015: Dr. Conrad Schmidt, Stephanie D\u00f6pper, Dr. Jason Herrmann, Dr. Matthias Lang, Dr. Dieta-Frauke Svoboda, Michaela Balluff, Paula Bauer, Dr. Jennie Bradbury, Micha Br\u00f6ckling, Silvia Fiore, Lu Gao, Nick Kirchhoff, Jonas Kluge, Susanne Maier, Matthias Messerle, Leonie Path\u00e9, Samantha Petrella, Sandra Reininghaus, Leah Schlegel, Maria Skoruppa, Mona Walter (all T\u00fcbingen University), Philippe Kluge (FH Anhalt)<\/p>\n<p><img loading=\"lazy\" decoding=\"async\" class=\"size-medium aligncenter\" src=\"https:\/\/www.archaeoman.de\/wp-content\/uploads\/2017\/08\/DSC_1465-500.jpg\" width=\"500\" height=\"333\" \/><\/p>\n<p>2016: Dr. Conrad Schmidt, Dr. Matthias Lang, Prof. Robin Andrews, Michaela Balluff, Iuliia Bodeeva, Luca Brunke, Susanne Maier, Elina Nordwald, Nick Kirchhoff, Jonas Kluge, Martin Offermann, Leonie Path\u00e9, Samantha Petrella, Johannes Reller, Patricia Rentschler, Stephan Roller, Lea Sch\u00e4fer, Daniela Schiek, Florian Simet, Mona Walter (all T\u00fcbingen University), Stephanie D\u00f6pper (Leiden University), Dr. Dominique Ngan-Tillard, Martijn Warnaar (TU Delft), Philippe Kluge (FH Anhalt), Florian Ostrowski (University of Vienna)<\/p>\n<p>2017: Dr. Conrad Schmidt, Dr. Matthias Lang, Andrej Girod, Benjamin Gli\u00dfmann, Nick Kirchhoff, Jonas Kluge, Ullrich Ochs, Martin Offermann, Samantha Petrella, Giulia Russo, Mona Walter (all T\u00fcbingen University), Stephanie D\u00f6pper (Leiden University), Beriwan Billor, Till Jesberg, Natascha Mathyschok (all Frankfurt University), Prof. Dr. J\u00f6rg Fassbinder, Friederike Kranig, Marion Scheiblecker (all Munich University), Philipp M\u00f6ller (Heidelberg University), Marco Prehsegger (University of Vienna)<\/p>\n<p>2018: Dr. Conrad Schmidt, Jonas Kluge, Nick Kirchhoff, Susanne Maier, Samantha Petrella (all T\u00fcbingen University), Stephanie D\u00f6pper,\u00a0Cezary Szymanski (Frankfurt am Main University), Sarah Abandowitz, Marion Scheiblecker,\u00a0Lena Gabler (all Munich University), Nolwenn Guedeau (Universit\u00e9 de Poitiers, France), Rosa Rivoltella (Milano, Italy), Igor Novokreshchenov (University of Birmingham, Great Britain), Patricia D\u00e1vila Ventura (Santa Cruz de Tenerife, Spain)<\/p>\n<p style=\"text-align: center;\"><img loading=\"lazy\" decoding=\"async\" class=\"aligncenter wp-image-6190\" src=\"https:\/\/www.archaeoman.de\/wp-content\/uploads\/2019\/01\/GF18665.jpg\" alt=\"\" width=\"500\" height=\"333\" srcset=\"https:\/\/www.archaeoman.de\/wp-content\/uploads\/2019\/01\/GF18665.jpg 750w, https:\/\/www.archaeoman.de\/wp-content\/uploads\/2019\/01\/GF18665-300x200.jpg 300w, https:\/\/www.archaeoman.de\/wp-content\/uploads\/2019\/01\/GF18665-272x182.jpg 272w\" sizes=\"auto, (max-width: 500px) 100vw, 500px\" \/><\/p>\n<p>2019: Dr. Conrad Schmidt, Jonas Kluge, Eren Can Meral (all T\u00fcbingen University)<\/p>\n<hr \/>\n<p><strong>Partners<\/strong><\/p>\n<p>since 2015: Ministry of Heritage &amp; Culture, Sultanate of Oman<\/p>\n<p>since 2015: Deutsche-Orient-Gesellschaft e.V.<\/p>\n<p>since 2015: Dr. Matthias Lang, eScience-Centre, University of T\u00fcbingen<\/p>\n<p>since 2015: Dr. Simone Riehl, Archaeometry, University of T\u00fcbingen<\/p>\n<p>2015\u20132017: Prof. Dr.-Ing. Heinz Runne, University of Applied Sciences Anhalt<\/p>\n<p>2015: Dr. Jason Herrmann, University of T\u00fcbingen<\/p>\n<p>2016: Prof. Dr. Dominique Ngan-Tillard, TU Delft<\/p>\n<p>2017: Prof. Dr. J\u00f6rg Fa\u00dfbinder, LMU Munich<\/p>\n<p>2018: Prof. Dr. J\u00f6rg Fa\u00dfbinder, LMU Munich<\/p>\n<\/div>\n<\/div><\/div><\/div><\/div><\/div>","protected":false},"excerpt":{"rendered":"<p>Team Members 2015: Dr. Conrad Schmidt, Stephanie D\u00f6pper, Dr. Jason Herrmann, Dr. Matthias Lang, Dr. Dieta-Frauke Svoboda, Michaela Balluff, Paula Bauer, Dr. Jennie Bradbury, Micha Br\u00f6ckling, Silvia Fiore, Lu Gao, Nick Kirchhoff, Jonas Kluge, Susanne Maier, Matthias Messerle, Leonie Path\u00e9, Samantha Petrella, Sandra Reininghaus, Leah Schlegel, Maria Skoruppa, Mona Walter (all T\u00fcbingen University), Philippe Kluge &#8230; <a title=\"Team Members and Partners\" class=\"read-more\" href=\"https:\/\/www.archaeoman.de\/en\/der-fundort-al-khashbah\/mitarbeiter-und-kooperationspartner\/\" aria-label=\"Read more about Team Members and Partners\">Weiterlesen &#8230;<\/a><\/p>\n","protected":false},"author":1,"featured_media":0,"parent":1404,"menu_order":0,"comment_status":"closed","ping_status":"closed","template":"","meta":{"generate_page_header":"","footnotes":""},"class_list":["post-1416","page","type-page","status-publish"],"_links":{"self":[{"href":"https:\/\/www.archaeoman.de\/en\/wp-json\/wp\/v2\/pages\/1416","targetHints":{"allow":["GET"]}}],"collection":[{"href":"https:\/\/www.archaeoman.de\/en\/wp-json\/wp\/v2\/pages"}],"about":[{"href":"https:\/\/www.archaeoman.de\/en\/wp-json\/wp\/v2\/types\/page"}],"author":[{"embeddable":true,"href":"https:\/\/www.archaeoman.de\/en\/wp-json\/wp\/v2\/users\/1"}],"replies":[{"embeddable":true,"href":"https:\/\/www.archaeoman.de\/en\/wp-json\/wp\/v2\/comments?post=1416"}],"version-history":[{"count":0,"href":"https:\/\/www.archaeoman.de\/en\/wp-json\/wp\/v2\/pages\/1416\/revisions"}],"up":[{"embeddable":true,"href":"https:\/\/www.archaeoman.de\/en\/wp-json\/wp\/v2\/pages\/1404"}],"wp:attachment":[{"href":"https:\/\/www.archaeoman.de\/en\/wp-json\/wp\/v2\/media?parent=1416"}],"curies":[{"name":"wp","href":"https:\/\/api.w.org\/{rel}","templated":true}]}}