{"id":6338,"date":"2019-01-31T11:41:51","date_gmt":"2019-01-31T10:41:51","guid":{"rendered":"https:\/\/www.archaeoman.de\/der-fundort-al-mudhaybi-survey\/mitarbeiter-und-kooperationspartner\/"},"modified":"2021-11-15T16:56:54","modified_gmt":"2021-11-15T15:56:54","slug":"mitarbeiter-und-kooperationspartner","status":"publish","type":"page","link":"https:\/\/www.archaeoman.de\/en\/der-fundort-al-mudhaybi-survey\/mitarbeiter-und-kooperationspartner\/","title":{"rendered":"Team Members and Partners"},"content":{"rendered":"<div id=\"pl-6338\"  class=\"panel-layout\" ><div id=\"pg-6338-0\"  class=\"panel-grid panel-no-style\" ><div id=\"pgc-6338-0-0\"  class=\"panel-grid-cell\" ><div id=\"panel-6338-0-0-0\" class=\"so-panel widget widget_nav_menu panel-first-child panel-last-child\" data-index=\"0\" ><div class=\"menu-the-al-mudhaybi-survey-container\"><ul id=\"menu-the-al-mudhaybi-survey\" class=\"menu\"><li id=\"menu-item-6326\" class=\"menu-item menu-item-type-post_type menu-item-object-page menu-item-has-children menu-item-6326\"><a href=\"https:\/\/www.archaeoman.de\/en\/der-fundort-al-mudhaybi-survey\/\">The Al-Mudhaybi Survey<\/a>\n<ul class=\"sub-menu\">\n\t<li id=\"menu-item-6333\" class=\"menu-item menu-item-type-post_type menu-item-object-page menu-item-6333\"><a href=\"https:\/\/www.archaeoman.de\/en\/der-fundort-al-mudhaybi-survey\/publikationen\/\">Publications<\/a><\/li>\n\t<li id=\"menu-item-6337\" class=\"menu-item menu-item-type-post_type menu-item-object-page menu-item-6337\"><a href=\"https:\/\/www.archaeoman.de\/en\/der-fundort-al-mudhaybi-survey\/qualifikationsarbeiten\/\">Theses<\/a><\/li>\n\t<li id=\"menu-item-6341\" class=\"menu-item menu-item-type-post_type menu-item-object-page menu-item-6341\"><a href=\"https:\/\/www.archaeoman.de\/en\/der-fundort-al-mudhaybi-survey\/mitarbeiter-und-kooperationspartner\/\">Team Members and Partners<\/a><\/li>\n\t<li id=\"menu-item-6345\" class=\"menu-item menu-item-type-post_type menu-item-object-page menu-item-6345\"><a href=\"https:\/\/www.archaeoman.de\/en\/der-fundort-al-mudhaybi-survey\/foerderung\/\">Financial Support<\/a><\/li>\n<\/ul>\n<\/li>\n<\/ul><\/div><\/div><\/div><div id=\"pgc-6338-0-1\"  class=\"panel-grid-cell\" ><div id=\"panel-6338-0-1-0\" class=\"so-panel widget widget_sow-editor panel-first-child panel-last-child\" data-index=\"1\" ><div\n\t\t\t\n\t\t\tclass=\"so-widget-sow-editor so-widget-sow-editor-base\"\n\t\t\t\n\t\t>\n<div class=\"siteorigin-widget-tinymce textwidget\">\n\t<p><strong>Team Members<br \/>\n<\/strong><\/p>\n<p>2021: Dr. Stephanie D\u00f6pper, Pascal Edelmann, Andreas Hofmann, Stefanie Hochrieser Merle M\u00f6bius (alle University of Frankfurt), Dr. Maria Pia Maiorano (University of Naples \"L'Orientale\")<\/p>\n<p>2020: Dr. Stephanie D\u00f6pper, Dr. Conrad Schmidt, Irini Biezeveld, Beriwan Billor, Fabian Gr\u00fcn, Jonas Kluge, Katharina Koch, Natalie Mez, Tamara Schneider, Antje Z\u00f6chling (all University of Frankfurt), Adrian Budzyn, Jannis Werner, Mahsa \u00d6zt\u00fcrk (all University of Mainz), Sofia Greven (University of Cologne)<\/p>\n<p style=\"text-align: center;\"><img loading=\"lazy\" decoding=\"async\" class=\"aligncenter wp-image-6190\" src=\"https:\/\/www.archaeoman.de\/wp-content\/uploads\/2020\/05\/MDH-GF06520 _DSC_4026.JPG\" alt=\"\" width=\"500\" height=\"333\" \/><\/p>\n<p>2019: Dr. Stephanie D\u00f6pper, Marcel Juhas, Katharina Koch, Natalie Mez, Taylan \u00d6zcelik, Juan-Marco Puerta-Schardt, Tamara Schneider, Moyra Schweizer (all University of Frankfurt), Jonas G\u00f6bel, Mahsa \u00d6zt\u00fcrk (both University of Mainz)<\/p>\n<p style=\"text-align: center;\"><img loading=\"lazy\" decoding=\"async\" class=\"aligncenter wp-image-6190\" src=\"https:\/\/www.archaeoman.de\/wp-content\/uploads\/2019\/06\/GF23495.JPG\" alt=\"\" width=\"500\" height=\"333\" \/><\/p>\n<p>&nbsp;<\/p>\n<p><strong>Partners<\/strong><\/p>\n<p>since 2019: Ministry of Heritage &amp; Tourism (former Ministry of Heritage and Culture), Sultanate of Oman<\/p>\n<\/div>\n<\/div><\/div><\/div><\/div><\/div>","protected":false},"excerpt":{"rendered":"<p>Team Members 2021: Dr. Stephanie D\u00f6pper, Pascal Edelmann, Andreas Hofmann, Stefanie Hochrieser Merle M\u00f6bius (alle University of Frankfurt), Dr. Maria Pia Maiorano (University of Naples &#8220;L&#8217;Orientale&#8221;) 2020: Dr. Stephanie D\u00f6pper, Dr. Conrad Schmidt, Irini Biezeveld, Beriwan Billor, Fabian Gr\u00fcn, Jonas Kluge, Katharina Koch, Natalie Mez, Tamara Schneider, Antje Z\u00f6chling (all University of Frankfurt), Adrian Budzyn, &#8230; <a title=\"Team Members and Partners\" class=\"read-more\" href=\"https:\/\/www.archaeoman.de\/en\/der-fundort-al-mudhaybi-survey\/mitarbeiter-und-kooperationspartner\/\" aria-label=\"Read more about Team Members and Partners\">Weiterlesen &#8230;<\/a><\/p>\n","protected":false},"author":1,"featured_media":0,"parent":6323,"menu_order":0,"comment_status":"closed","ping_status":"closed","template":"","meta":{"generate_page_header":"","footnotes":""},"class_list":["post-6338","page","type-page","status-publish"],"_links":{"self":[{"href":"https:\/\/www.archaeoman.de\/en\/wp-json\/wp\/v2\/pages\/6338","targetHints":{"allow":["GET"]}}],"collection":[{"href":"https:\/\/www.archaeoman.de\/en\/wp-json\/wp\/v2\/pages"}],"about":[{"href":"https:\/\/www.archaeoman.de\/en\/wp-json\/wp\/v2\/types\/page"}],"author":[{"embeddable":true,"href":"https:\/\/www.archaeoman.de\/en\/wp-json\/wp\/v2\/users\/1"}],"replies":[{"embeddable":true,"href":"https:\/\/www.archaeoman.de\/en\/wp-json\/wp\/v2\/comments?post=6338"}],"version-history":[{"count":0,"href":"https:\/\/www.archaeoman.de\/en\/wp-json\/wp\/v2\/pages\/6338\/revisions"}],"up":[{"embeddable":true,"href":"https:\/\/www.archaeoman.de\/en\/wp-json\/wp\/v2\/pages\/6323"}],"wp:attachment":[{"href":"https:\/\/www.archaeoman.de\/en\/wp-json\/wp\/v2\/media?parent=6338"}],"curies":[{"name":"wp","href":"https:\/\/api.w.org\/{rel}","templated":true}]}}