{"id":7267,"date":"2020-04-15T20:29:10","date_gmt":"2020-04-15T18:29:10","guid":{"rendered":"https:\/\/www.archaeoman.de\/das-lost-cities-projekt\/mitarbeiter-und-kooperationspartner\/"},"modified":"2023-09-27T13:47:18","modified_gmt":"2023-09-27T11:47:18","slug":"mitarbeiter-und-kooperationspartner","status":"publish","type":"page","link":"https:\/\/www.archaeoman.de\/en\/das-lost-cities-projekt\/mitarbeiter-und-kooperationspartner\/","title":{"rendered":"Team Members and Partners"},"content":{"rendered":"<div id=\"pl-7267\"  class=\"panel-layout\" ><div id=\"pg-7267-0\"  class=\"panel-grid panel-no-style\" ><div id=\"pgc-7267-0-0\"  class=\"panel-grid-cell\" ><div id=\"panel-7267-0-0-0\" class=\"so-panel widget widget_nav_menu panel-first-child panel-last-child\" data-index=\"0\" ><div class=\"menu-the-lost-cities-project-container\"><ul id=\"menu-the-lost-cities-project\" class=\"menu\"><li id=\"menu-item-7287\" class=\"menu-item menu-item-type-post_type menu-item-object-page menu-item-has-children menu-item-7287\"><a href=\"https:\/\/www.archaeoman.de\/en\/das-lost-cities-projekt\/\">The Lost Cities Project<\/a>\n<ul class=\"sub-menu\">\n\t<li id=\"menu-item-7289\" class=\"menu-item menu-item-type-post_type menu-item-object-page menu-item-7289\"><a href=\"https:\/\/www.archaeoman.de\/en\/das-lost-cities-projekt\/publikationen\/\">Publications<\/a><\/li>\n\t<li id=\"menu-item-7288\" class=\"menu-item menu-item-type-post_type menu-item-object-page menu-item-7288\"><a href=\"https:\/\/www.archaeoman.de\/en\/das-lost-cities-projekt\/qualifikationsarbeiten\/\">Theses<\/a><\/li>\n\t<li id=\"menu-item-7291\" class=\"menu-item menu-item-type-post_type menu-item-object-page menu-item-7291\"><a href=\"https:\/\/www.archaeoman.de\/en\/das-lost-cities-projekt\/mitarbeiter-und-kooperationspartner\/\">Team Members and Partners<\/a><\/li>\n\t<li id=\"menu-item-7290\" class=\"menu-item menu-item-type-post_type menu-item-object-page menu-item-7290\"><a href=\"https:\/\/www.archaeoman.de\/en\/das-lost-cities-projekt\/foerderung\/\">Financial Support<\/a><\/li>\n<\/ul>\n<\/li>\n<\/ul><\/div><\/div><\/div><div id=\"pgc-7267-0-1\"  class=\"panel-grid-cell\" ><div id=\"panel-7267-0-1-0\" class=\"so-panel widget widget_sow-editor panel-first-child panel-last-child\" data-index=\"1\" ><div\n\t\t\t\n\t\t\tclass=\"so-widget-sow-editor so-widget-sow-editor-base\"\n\t\t\t\n\t\t>\n<div class=\"siteorigin-widget-tinymce textwidget\">\n\t<p><strong>Team Members<\/strong><\/p>\n<p>Team: Dr. Stephanie D\u00f6pper, Irini Biezefeld (both Goethe University Frankfurt), Dr. Thomas Schmidt-Lux, Josephine Kanditt (both Leipzig University) and Dr. Birgit Mershen (Ruhr University Bochum)<\/p>\n<hr \/>\n<p>2020: Dr. Stephanie D\u00f6pper, Irini Biezeveld (both Universit\u00e4t Frankfurt), Mahsa \u00d6zt\u00fcrk, Jannis Werner (both Universit\u00e4t Mainz)<\/p>\n<p>2021: Dr. Stephanie D\u00f6pper, Irini Biezeveld, Jonas Kluge, Solveig Vitt\u00e9 (all Universit\u00e4t Frankfurt)<\/p>\n<p>2022: Dr. Stephanie D\u00f6pper, Irini Biezeveld, Jonas Kluge (all Universit\u00e4t Frankfurt), Melissa Bilalic (Universit\u00e4t Mainz), Jaber Hamood Ali (Ministry of Heritage and Tourism), Zeyana Al-Harthi<br \/>\nRubel Sadiq Mamoun Mohin<\/p>\n<\/div>\n<\/div><\/div><\/div><\/div><\/div>","protected":false},"excerpt":{"rendered":"<p>Team Members Team: Dr. Stephanie D\u00f6pper, Irini Biezefeld (both Goethe University Frankfurt), Dr. Thomas Schmidt-Lux, Josephine Kanditt (both Leipzig University) and Dr. Birgit Mershen (Ruhr University Bochum) 2020: Dr. Stephanie D\u00f6pper, Irini Biezeveld (both Universit\u00e4t Frankfurt), Mahsa \u00d6zt\u00fcrk, Jannis Werner (both Universit\u00e4t Mainz) 2021: Dr. Stephanie D\u00f6pper, Irini Biezeveld, Jonas Kluge, Solveig Vitt\u00e9 (all Universit\u00e4t &#8230; <a title=\"Team Members and Partners\" class=\"read-more\" href=\"https:\/\/www.archaeoman.de\/en\/das-lost-cities-projekt\/mitarbeiter-und-kooperationspartner\/\" aria-label=\"Read more about Team Members and Partners\">Weiterlesen &#8230;<\/a><\/p>\n","protected":false},"author":1,"featured_media":0,"parent":7195,"menu_order":0,"comment_status":"closed","ping_status":"closed","template":"","meta":{"generate_page_header":"","footnotes":""},"class_list":["post-7267","page","type-page","status-publish"],"_links":{"self":[{"href":"https:\/\/www.archaeoman.de\/en\/wp-json\/wp\/v2\/pages\/7267","targetHints":{"allow":["GET"]}}],"collection":[{"href":"https:\/\/www.archaeoman.de\/en\/wp-json\/wp\/v2\/pages"}],"about":[{"href":"https:\/\/www.archaeoman.de\/en\/wp-json\/wp\/v2\/types\/page"}],"author":[{"embeddable":true,"href":"https:\/\/www.archaeoman.de\/en\/wp-json\/wp\/v2\/users\/1"}],"replies":[{"embeddable":true,"href":"https:\/\/www.archaeoman.de\/en\/wp-json\/wp\/v2\/comments?post=7267"}],"version-history":[{"count":2,"href":"https:\/\/www.archaeoman.de\/en\/wp-json\/wp\/v2\/pages\/7267\/revisions"}],"predecessor-version":[{"id":9629,"href":"https:\/\/www.archaeoman.de\/en\/wp-json\/wp\/v2\/pages\/7267\/revisions\/9629"}],"up":[{"embeddable":true,"href":"https:\/\/www.archaeoman.de\/en\/wp-json\/wp\/v2\/pages\/7195"}],"wp:attachment":[{"href":"https:\/\/www.archaeoman.de\/en\/wp-json\/wp\/v2\/media?parent=7267"}],"curies":[{"name":"wp","href":"https:\/\/api.w.org\/{rel}","templated":true}]}}